{"id":974,"date":"2022-11-24T09:45:39","date_gmt":"2022-11-24T08:45:39","guid":{"rendered":"https:\/\/foradlingsodling.se\/?page_id=974"},"modified":"2022-11-25T09:30:59","modified_gmt":"2022-11-25T08:30:59","slug":"lillbros-gard-arbra","status":"publish","type":"page","link":"https:\/\/foradlingsodling.se\/sv\/lillbros-gard-arbra\/","title":{"rendered":"Lillbros G\u00e5rd, Arbr\u00e5"},"content":{"rendered":"\n<div class=\"wp-block-columns is-layout-flex wp-container-core-columns-is-layout-9d6595d7 wp-block-columns-is-layout-flex\">\n<div class=\"wp-block-column is-layout-flow wp-block-column-is-layout-flow\" style=\"flex-basis:33.33%\">\n<figure class=\"wp-block-image size-full\"><img loading=\"lazy\" decoding=\"async\" width=\"2048\" height=\"1368\" src=\"https:\/\/foradlingsodling.se\/wp-content\/uploads\/2022\/11\/DSC05914.jpg\" alt=\"\" class=\"wp-image-1039\"\/><\/figure>\n<\/div>\n\n\n\n<div class=\"wp-block-column is-layout-flow wp-block-column-is-layout-flow\" style=\"flex-basis:66.66%\">\n<h2 class=\"wp-block-heading\">Samtal med Sareidah Hildebrand och Joakim Lundstr\u00f6m<\/h2>\n\n\n\n<p>Vi h\u00e4lsar p\u00e5 Joakim och Sareidah en mild dag i b\u00f6rjan p\u00e5 november.&nbsp; Burkar med surk\u00e5l st\u00e5r p\u00e5 k\u00f6ks\u00f6n och \u00f6ver den h\u00e4nger m\u00e4ngder av chili och k\u00f6rsb\u00e4rstomater som mognar l\u00e5ngsamt i v\u00e4rmen.<\/p>\n\n\n\n<p>Sareidah och Joakim flyttade till Arbr\u00e5 2018 till <a href=\"https:\/\/www.facebook.com\/lillbrosgard\">Lillbros G\u00e5rd<\/a> som var ett aktivt jordbruk fram tills tidig 90-talet. <br>\u2013 V\u00e5rt m\u00e5l har varit att v\u00e4cka liv i g\u00e5rden.\u00a0 Vi har ingen erfarenhet fr\u00e5n jordbruksbranschen s\u00e5 vi t\u00e4nkta att vi inte skulle g\u00f6ra samma sak som alla andra b\u00f6nder &#8211; f\u00f6r att de har gjort det h\u00e4r i generationer. <\/p>\n<\/div>\n<\/div>\n\n\n\n<p>De flyttade ifr\u00e5n ett hus i Stockholm som hade en gammal frukttr\u00e4dg\u00e5rd med femton ca 150 \u00e5r gamla \u00e4ppeltr\u00e4d som kan har varit det som satte fr\u00f6et f\u00f6r det som skulle bli.\u00a0<\/p>\n\n\n\n<p>B\u00e5de jobbar som musiker och under corona-pandemin, d\u00e5 de var i stort sett hemma och utan uppdrag, gick de en distanskurs i \u00e4ppelodling. Innan kursen var slut hade de g\u00e5tt med p\u00e5 en sambest\u00e4llning och skulle f\u00e5 300 tr\u00e4d inom ett halvt \u00e5r. <br>\u2013 I v\u00e4ntan p\u00e5 att \u00e4pplena ska ge frukt s\u00e5 odlar vi gr\u00f6nsaker. \u00c4ven om \u00e4pplen \u00e4r f\u00f6rst och fr\u00e4mst det som skall produceras ville vi i f\u00f6rsta steget bli sj\u00e4lvf\u00f6rs\u00f6rjande p\u00e5 gr\u00f6nsaker. Vi har en j\u00e4ttefin matk\u00e4llare &#8211; vi ville fylla den med mat.<\/p>\n\n\n\n<p>Joakims intresse f\u00f6r f\u00f6r\u00e4dling grunder sig i en \u00f6nskan att kunna bli sj\u00e4lvf\u00f6rs\u00f6rjande, att klara sig i kris men \u00e4ven utifr\u00e5n en djup k\u00e4rlek till mat <br>\u2013 D\u00e5 kommer in de gamla metoderna, konservera, syra, spara &#8211; jag bara \u00e4lskar det, jag kan inte ens stoppa det.<br>\u2013 V\u00e5ra turn\u00e9er har gett inspiration ocks\u00e5, s\u00e4rskild n\u00e4r vi har varit i Estland, Lettland och Litauen, s\u00e4ger Sareidah<br>\u2013 Vi hade gr\u00f6nsakssoppa bara p\u00e5 surade gr\u00f6nsaker och vi t\u00e4nkte &#8211; Wow! vad \u00e4r det h\u00e4r?\u00a0 Vi gillar sur.<\/p>\n\n\n\n<div class=\"wp-block-columns is-layout-flex wp-container-core-columns-is-layout-9d6595d7 wp-block-columns-is-layout-flex\">\n<div class=\"wp-block-column is-layout-flow wp-block-column-is-layout-flow\">\n<div class=\"wp-block-columns is-layout-flex wp-container-core-columns-is-layout-9d6595d7 wp-block-columns-is-layout-flex\">\n<div class=\"wp-block-column is-layout-flow wp-block-column-is-layout-flow\" style=\"flex-basis:66.66%\">\n<figure class=\"wp-block-image size-full\"><img loading=\"lazy\" decoding=\"async\" width=\"2048\" height=\"1368\" src=\"https:\/\/foradlingsodling.se\/wp-content\/uploads\/2022\/11\/DSC06241.jpg\" alt=\"\" class=\"wp-image-1041\"\/><\/figure>\n<\/div>\n\n\n\n<div class=\"wp-block-column is-layout-flow wp-block-column-is-layout-flow\" style=\"flex-basis:33.33%\">\n<figure class=\"wp-block-image size-full\"><img decoding=\"async\" src=\"https:\/\/foradlingsodling.se\/wp-content\/uploads\/2022\/11\/DSC06258.jpg\" alt=\"\" class=\"wp-image-1050\"\/><\/figure>\n<\/div>\n<\/div>\n<\/div>\n<\/div>\n\n\n\n<p>Lillbros g\u00e5rd \u00e4r med i en odlingskooperativ av 22 odlare som hyr in sig p\u00e5 restaurangk\u00f6k i Bolln\u00e4s p\u00e5 m\u00e5ndagar. Tanken \u00e4r att underl\u00e4tta f\u00f6r kommuner att v\u00e4lja lokalt eftersom kooperativet se till att de kan samla ihop r\u00e4tt m\u00e4ngder och \u00e4ven tv\u00e4tta gr\u00f6nsakerna d\u00e4r i restaurangk\u00f6ket. <br>\u2013 Det kanske inte \u00e4r helt rationellt men det \u00e4r s\u00e5 intressant och s\u00e5 bra att man kan f\u00e5 ihop alla sm\u00e5 pl\u00e4ttarna.&nbsp; Vi m\u00e5ste verkligen ge en eloge till v\u00e5ra kommuner h\u00e4r f\u00f6r att de verkligen har tagit ansvar s\u00e4ger Joakim <br>\u2013 Alla kommuner s\u00e4ger att de vill st\u00f6tta det lokala n\u00e4ringslivet och handla lokalt och ekologiskt, men h\u00e4r har de best\u00e4mt sig.&nbsp; <br>\u2013 Det \u00e4r bra om de uppm\u00e4rksammas f\u00f6r det, f\u00f6r nu sitter alla kommuner i en r\u00e4vsax med skenande kostnader och energikris och allt vad det \u00e4r.&nbsp; D\u00e5 finns det j\u00e4ttestor risk att de drar \u00e5t sv\u00e5ngremmen jus p\u00e5 s\u00e5na h\u00e4r omr\u00e5den s\u00e4ger Sareidah.<\/p>\n\n\n\n<p>Ett stort hinder f\u00f6r kommuner \u00e4r priset av lokal mat men som Joakim p\u00e5pekar \u00e4r det stora producenter eller leverant\u00f6rer som h\u00f6jer livsmedelspriset f\u00f6r att t\u00e4cka mycket stora kostnader f\u00f6r el och diesel till stora f\u00f6rr\u00e5d, kylrum och transport. <br>\u2013 Vi har ingen \u00f6kade produktionskostnader. S\u00e5 att v\u00e5ran redan dyra ekologiska gr\u00f6nsaker kommer kanske att beh\u00e5lla priset.<\/p>\n\n\n<div class=\"wp-block-image\">\n<figure class=\"aligncenter size-full is-resized\"><img loading=\"lazy\" decoding=\"async\" src=\"https:\/\/foradlingsodling.se\/wp-content\/uploads\/2022\/11\/IMG_2551-e1669221140114.jpg\" alt=\"\" class=\"wp-image-1038\" width=\"656\" height=\"602\"\/><\/figure>\n<\/div>\n\n\n<p>      F\u00f6r\u00e4dlingen av \u00e4pplen som inte s\u00e4ljs som bords\u00e4pplen vill de s\u00e5 sm\u00e5ningom ha p\u00e5 g\u00e5rden, men det \u00e4r inte aktuellt \u00e4nnu <br>\u2013 Vi \u00e4r stolta \u00e4ppelodlare men vi har ingen frukt. Vi har n\u00e5gra prov\u00e4pplen \u00e4n s\u00e5 l\u00e4nge. Till stuffing till kalkonen tog vi ena \u00e4pplen.&nbsp; Vi har f\u00e5t en korg hittills&#8230;<br>\u2013 Allting \u00e4r s\u00e5 nytt, vi tar ett steg i tagit. Vi \u00e4r inte s\u00e5na f\u00f6retager s\u00e5 att vi har den f\u00e4rdiga bilden framf\u00f6r oss, eller bilden finns nog men vi f\u00e5r utveckla den \u00f6ver tid. I allting som vi h\u00e5ller p\u00e5 med vill vi inte att det bli f\u00f6r stort.&nbsp; \u00c4pplena kommer bli det som \u00e4r det stora och i takt med att vi \u00f6kar \u00e4ppelodlingen som kommer gr\u00f6nsaksodling att minska s\u00e5 att det kan r\u00e4cka till oss, och till att h\u00e5lla v\u00e5ren gr\u00f6nsaksbutik i g\u00e5ng, och till f\u00f6r\u00e4dlingsprodukter. Mycket mer vill vi inte ha s\u00e4ger Sareidah.<\/p>\n\n\n\n<p>Framtida planen \u00e4r att skaffa tillst\u00e5nd fr\u00e5n milj\u00f6h\u00e4lsa s\u00e5 kan de kan b\u00f6rja s\u00e4lja \u00e4ven f\u00f6r\u00e4dlade produkter <br>\u2013 Syrning k\u00e4nns som det enklaste steget d\u00e4rf\u00f6r att d\u00e4r finns det inte lika mycket kritiska punkter n\u00e4r det g\u00e4ller h\u00e5llbarhet. Just chilis\u00e5s skulle jag tycke var roligt att g\u00f6ra.\u00a0 Det finns andra som g\u00f6r, men inte h\u00e4r &#8211; vi s\u00e4ljer bara lokalt, det \u00e4r tanken, s\u00e4ger Sareidah.<\/p>\n\n\n\n<p><\/p>\n\n\n\n<div class=\"wp-block-columns is-layout-flex wp-container-core-columns-is-layout-9d6595d7 wp-block-columns-is-layout-flex\">\n<div class=\"wp-block-column is-layout-flow wp-block-column-is-layout-flow\">\n<figure class=\"wp-block-image size-full\"><img loading=\"lazy\" decoding=\"async\" width=\"1404\" height=\"936\" src=\"https:\/\/foradlingsodling.se\/wp-content\/uploads\/2022\/11\/IMG_2564.jpg\" alt=\"\" class=\"wp-image-1063\"\/><\/figure>\n<\/div>\n\n\n\n<div class=\"wp-block-column is-layout-flow wp-block-column-is-layout-flow\">\n<figure class=\"wp-block-image size-full\"><img loading=\"lazy\" decoding=\"async\" width=\"1404\" height=\"936\" src=\"https:\/\/foradlingsodling.se\/wp-content\/uploads\/2022\/11\/IMG_2575.jpg\" alt=\"\" class=\"wp-image-1064\"\/><\/figure>\n<\/div>\n\n\n\n<div class=\"wp-block-column is-layout-flow wp-block-column-is-layout-flow\">\n<figure class=\"wp-block-image size-full\"><img loading=\"lazy\" decoding=\"async\" width=\"2048\" height=\"1365\" src=\"https:\/\/foradlingsodling.se\/wp-content\/uploads\/2022\/11\/IMG_2577.jpg\" alt=\"\" class=\"wp-image-1043\"\/><\/figure>\n<\/div>\n<\/div>\n\n\n\n<p><\/p>\n\n\n\n<div class=\"wp-block-columns is-layout-flex wp-container-core-columns-is-layout-9d6595d7 wp-block-columns-is-layout-flex\">\n<div class=\"wp-block-column is-layout-flow wp-block-column-is-layout-flow\" style=\"flex-basis:66.66%\">\n<h2 class=\"wp-block-heading\">Tips och tricks f\u00f6r mj\u00f6lksyrning och anv\u00e4ndning i matlagning &#8211; Joakim<\/h2>\n\n\n\n<p>\u2013 Jag hade en id\u00e9 om att jag skulle syra potatis och g\u00f6ra r\u00e5rakor och palt p\u00e5 det. Jag rev potatis, syrade den (2% salt) och anv\u00e4nda i smeten till palten &#8211; det blev s\u00e5 j\u00e4kla gott, p\u00e5 riktigt &#8211; vilken grej! Det bli en niv\u00e5 till &#8211; man f\u00e5r en smak i maten som i svenska matlagning inte riktigt finns.<br>\u2013 Jag syrade ocks\u00e5 hela k\u00e5lhuvuden &#8211; det jag kan verkligen tipsa om. Jag gjorde sm\u00e5 dolmar med surk\u00e5len, och lite Balkan inspirerad k\u00f6ttf\u00e4rs med paprika &#8211; \u00e5t det h\u00e5llet &#8211; rullade ihop de, stekte och ugnsbakade de och serverade med kokt potatis och lingonsylt, s\u00e5 sjukt gott!<br>     Annars f\u00f6redra Joakim rena syrningar med 2% salt som kan smaks\u00e4ttas senare som med deras &#8217;fusk kimchi&#8217; <br>\u2013 Jag tar surk\u00e5l, blandar i tomatpur\u00e9, vitl\u00f6k, chili, olja, lite av det jag har. Kryddar upp surk\u00e5len helt enkelt. <br>    Att anv\u00e4nda i matlagning \u00e4r ocks\u00e5 popul\u00e4rt i huset<br>\u2013 Jag g\u00f6r en kyckling wok och i slutet blanda i surk\u00e5l och woka runt, med glassnudlar &#8211; det bli s\u00e5 himla gott.<br>     Tillsammans med en kokkompis som \u00e4r verksam i Bolln\u00e4s har n\u00e5gra experiment genomf\u00f6rts<br>\u2013 Vi kom inp\u00e5 att syra gurka, vi fick s\u00e5 mycket gurka f\u00f6re\u00e5ret men syrningen blev inte s\u00e5 bra, lite slemmigt s\u00e5 vi gjorde en slags gazpacho grills\u00e5s med den syrade gurka, mixade med chili, paprika, grillade paprika.\u00a0 D\u00e5 m\u00e4rkte man inte att det var lite slemmigt, det blev en smaks\u00e4ttare.<\/p>\n<\/div>\n\n\n\n<div class=\"wp-block-column is-layout-flow wp-block-column-is-layout-flow\" style=\"flex-basis:33.33%\">\n<figure class=\"wp-block-image size-full\"><img loading=\"lazy\" decoding=\"async\" width=\"1368\" height=\"2048\" src=\"https:\/\/foradlingsodling.se\/wp-content\/uploads\/2022\/11\/DSC06016.jpg\" alt=\"\" class=\"wp-image-1047\"\/><\/figure>\n<\/div>\n<\/div>\n\n\n\n<p><br>\u2013 Jag gjorde bj\u00f6rksirap f\u00f6r n\u00e5gra \u00e5rs sen, samlade 70 liter bj\u00f6rksav och s\u00e5 blev det 7 dl sirap&#8230;det tog 10 dagar. Jag gjorde det p\u00e5 j\u00e4rnspisen, det var riktigt dogma, eldade med ved, reducerade 70 liter &#8211; jag har en 10 liters kastrull.&nbsp; H\u00e4lla p\u00e5, koka ner, h\u00e4lla p\u00e5. Det var j\u00e4ttekul. S\u00e5 blev det denna sagolika sirapen &#8211; det \u00e4r 1% socker, s\u00e5 det blev 7 dl. Men det \u00e4r s\u00e5 gott.&nbsp; S\u00e5nt g\u00e5r inte att k\u00f6pa.<\/p>\n\n\n\n<p>Sareidah och Joakim deltog i den f\u00f6rsta heldagskursen i F\u00f6r\u00e4dlingsodling: mj\u00f6lksyrning f\u00f6r sm\u00e5skaliga gr\u00f6nsaksodlare som h\u00f6lls i <a href=\"https:\/\/xn--stjrnsund-x2a.nu\/\">Stj\u00e4rnasund<\/a> juni 2021.<\/p>\n\n\n\n<figure class=\"wp-block-image size-large\"><img loading=\"lazy\" decoding=\"async\" width=\"2100\" height=\"1403\" src=\"https:\/\/foradlingsodling.se\/wp-content\/uploads\/2022\/05\/DSC09171-2100x1403.jpg\" alt=\"\" class=\"wp-image-571\"\/><\/figure>\n","protected":false},"excerpt":{"rendered":"<p>Samtal med Sareidah Hildebrand och Joakim Lundstr\u00f6m Vi h\u00e4lsar p\u00e5 Joakim och Sareidah en mild dag i b\u00f6rjan p\u00e5 november.&nbsp; Burkar med surk\u00e5l st\u00e5r p\u00e5 k\u00f6ks\u00f6n och \u00f6ver den h\u00e4nger m\u00e4ngder av chili och k\u00f6rsb\u00e4rstomater som mognar l\u00e5ngsamt i v\u00e4rmen. Sareidah och Joakim flyttade till Arbr\u00e5 2018 till Lillbros G\u00e5rd som var ett aktivt jordbruk &hellip; <\/p>\n<p class=\"link-more\"><a href=\"https:\/\/foradlingsodling.se\/sv\/lillbros-gard-arbra\/\" class=\"more-link\">Forts\u00e4tt l\u00e4sa<span class=\"screen-reader-text\"> \u201dLillbros G\u00e5rd, Arbr\u00e5\u201d<\/span><\/a><\/p>\n","protected":false},"author":1,"featured_media":1043,"parent":0,"menu_order":0,"comment_status":"closed","ping_status":"closed","template":"","meta":{"_acf_changed":false,"footnotes":""},"class_list":["post-974","page","type-page","status-publish","has-post-thumbnail","hentry"],"acf":[],"yoast_head":"<!-- This site is optimized with the Yoast SEO plugin v27.4 - https:\/\/yoast.com\/product\/yoast-seo-wordpress\/ -->\n<title>Lillbros G\u00e5rd, Arbr\u00e5 &#8226; F\u00f6r\u00e4dlingsodling<\/title>\n<meta name=\"description\" content=\"P\u00e5 Lillbros G\u00e5rd m\u00f6ter vi Sareidah och Joakim som odlar och f\u00f6r\u00e4dla gr\u00f6nsaker f\u00f6r att fylla den stora matk\u00e4llare.\" \/>\n<meta name=\"robots\" content=\"index, follow, max-snippet:-1, max-image-preview:large, max-video-preview:-1\" \/>\n<link rel=\"canonical\" href=\"https:\/\/foradlingsodling.se\/lillbros-gard-arbra\/\" \/>\n<meta property=\"og:locale\" content=\"sv_SE\" \/>\n<meta property=\"og:type\" content=\"article\" \/>\n<meta property=\"og:title\" content=\"Lillbros G\u00e5rd, Arbr\u00e5 &#8226; F\u00f6r\u00e4dlingsodling\" \/>\n<meta property=\"og:description\" content=\"P\u00e5 Lillbros G\u00e5rd m\u00f6ter vi Sareidah och Joakim som odlar och f\u00f6r\u00e4dla gr\u00f6nsaker f\u00f6r att fylla den stora matk\u00e4llare.\" \/>\n<meta property=\"og:url\" content=\"https:\/\/foradlingsodling.se\/lillbros-gard-arbra\/\" \/>\n<meta property=\"og:site_name\" content=\"F\u00f6r\u00e4dlingsodling\" \/>\n<meta property=\"article:modified_time\" content=\"2022-11-25T08:30:59+00:00\" \/>\n<meta property=\"og:image\" content=\"https:\/\/foradlingsodling.se\/wp-content\/uploads\/2022\/11\/IMG_2577.jpg\" \/>\n\t<meta property=\"og:image:width\" content=\"2048\" \/>\n\t<meta property=\"og:image:height\" content=\"1365\" \/>\n\t<meta property=\"og:image:type\" content=\"image\/jpeg\" \/>\n<meta name=\"twitter:card\" content=\"summary_large_image\" \/>\n<meta name=\"twitter:label1\" content=\"Ber\u00e4knad l\u00e4stid\" \/>\n\t<meta name=\"twitter:data1\" content=\"8 minuter\" \/>\n<script type=\"application\/ld+json\" class=\"yoast-schema-graph\">{\"@context\":\"https:\\\/\\\/schema.org\",\"@graph\":[{\"@type\":\"WebPage\",\"@id\":\"https:\\\/\\\/foradlingsodling.se\\\/lillbros-gard-arbra\\\/\",\"url\":\"https:\\\/\\\/foradlingsodling.se\\\/lillbros-gard-arbra\\\/\",\"name\":\"Lillbros G\u00e5rd, Arbr\u00e5 &#8226; F\u00f6r\u00e4dlingsodling\",\"isPartOf\":{\"@id\":\"https:\\\/\\\/foradlingsodling.se\\\/#website\"},\"primaryImageOfPage\":{\"@id\":\"https:\\\/\\\/foradlingsodling.se\\\/lillbros-gard-arbra\\\/#primaryimage\"},\"image\":{\"@id\":\"https:\\\/\\\/foradlingsodling.se\\\/lillbros-gard-arbra\\\/#primaryimage\"},\"thumbnailUrl\":\"https:\\\/\\\/foradlingsodling.se\\\/wp-content\\\/uploads\\\/2022\\\/11\\\/IMG_2577.jpg\",\"datePublished\":\"2022-11-24T08:45:39+00:00\",\"dateModified\":\"2022-11-25T08:30:59+00:00\",\"description\":\"P\u00e5 Lillbros G\u00e5rd m\u00f6ter vi Sareidah och Joakim som odlar och f\u00f6r\u00e4dla gr\u00f6nsaker f\u00f6r att fylla den stora matk\u00e4llare.\",\"breadcrumb\":{\"@id\":\"https:\\\/\\\/foradlingsodling.se\\\/lillbros-gard-arbra\\\/#breadcrumb\"},\"inLanguage\":\"sv-SE\",\"potentialAction\":[{\"@type\":\"ReadAction\",\"target\":[\"https:\\\/\\\/foradlingsodling.se\\\/lillbros-gard-arbra\\\/\"]}]},{\"@type\":\"ImageObject\",\"inLanguage\":\"sv-SE\",\"@id\":\"https:\\\/\\\/foradlingsodling.se\\\/lillbros-gard-arbra\\\/#primaryimage\",\"url\":\"https:\\\/\\\/foradlingsodling.se\\\/wp-content\\\/uploads\\\/2022\\\/11\\\/IMG_2577.jpg\",\"contentUrl\":\"https:\\\/\\\/foradlingsodling.se\\\/wp-content\\\/uploads\\\/2022\\\/11\\\/IMG_2577.jpg\",\"width\":2048,\"height\":1365},{\"@type\":\"BreadcrumbList\",\"@id\":\"https:\\\/\\\/foradlingsodling.se\\\/lillbros-gard-arbra\\\/#breadcrumb\",\"itemListElement\":[{\"@type\":\"ListItem\",\"position\":1,\"name\":\"Hem\",\"item\":\"https:\\\/\\\/foradlingsodling.se\\\/\"},{\"@type\":\"ListItem\",\"position\":2,\"name\":\"Lillbros G\u00e5rd, Arbr\u00e5\"}]},{\"@type\":\"WebSite\",\"@id\":\"https:\\\/\\\/foradlingsodling.se\\\/#website\",\"url\":\"https:\\\/\\\/foradlingsodling.se\\\/\",\"name\":\"F\u00f6r\u00e4dlingsodling\",\"description\":\"\",\"potentialAction\":[{\"@type\":\"SearchAction\",\"target\":{\"@type\":\"EntryPoint\",\"urlTemplate\":\"https:\\\/\\\/foradlingsodling.se\\\/?s={search_term_string}\"},\"query-input\":{\"@type\":\"PropertyValueSpecification\",\"valueRequired\":true,\"valueName\":\"search_term_string\"}}],\"inLanguage\":\"sv-SE\"}]}<\/script>\n<!-- \/ Yoast SEO plugin. -->","yoast_head_json":{"title":"Lillbros G\u00e5rd, Arbr\u00e5 &#8226; F\u00f6r\u00e4dlingsodling","description":"P\u00e5 Lillbros G\u00e5rd m\u00f6ter vi Sareidah och Joakim som odlar och f\u00f6r\u00e4dla gr\u00f6nsaker f\u00f6r att fylla den stora matk\u00e4llare.","robots":{"index":"index","follow":"follow","max-snippet":"max-snippet:-1","max-image-preview":"max-image-preview:large","max-video-preview":"max-video-preview:-1"},"canonical":"https:\/\/foradlingsodling.se\/lillbros-gard-arbra\/","og_locale":"sv_SE","og_type":"article","og_title":"Lillbros G\u00e5rd, Arbr\u00e5 &#8226; F\u00f6r\u00e4dlingsodling","og_description":"P\u00e5 Lillbros G\u00e5rd m\u00f6ter vi Sareidah och Joakim som odlar och f\u00f6r\u00e4dla gr\u00f6nsaker f\u00f6r att fylla den stora matk\u00e4llare.","og_url":"https:\/\/foradlingsodling.se\/lillbros-gard-arbra\/","og_site_name":"F\u00f6r\u00e4dlingsodling","article_modified_time":"2022-11-25T08:30:59+00:00","og_image":[{"width":2048,"height":1365,"url":"https:\/\/foradlingsodling.se\/wp-content\/uploads\/2022\/11\/IMG_2577.jpg","type":"image\/jpeg"}],"twitter_card":"summary_large_image","twitter_misc":{"Ber\u00e4knad l\u00e4stid":"8 minuter"},"schema":{"@context":"https:\/\/schema.org","@graph":[{"@type":"WebPage","@id":"https:\/\/foradlingsodling.se\/lillbros-gard-arbra\/","url":"https:\/\/foradlingsodling.se\/lillbros-gard-arbra\/","name":"Lillbros G\u00e5rd, Arbr\u00e5 &#8226; F\u00f6r\u00e4dlingsodling","isPartOf":{"@id":"https:\/\/foradlingsodling.se\/#website"},"primaryImageOfPage":{"@id":"https:\/\/foradlingsodling.se\/lillbros-gard-arbra\/#primaryimage"},"image":{"@id":"https:\/\/foradlingsodling.se\/lillbros-gard-arbra\/#primaryimage"},"thumbnailUrl":"https:\/\/foradlingsodling.se\/wp-content\/uploads\/2022\/11\/IMG_2577.jpg","datePublished":"2022-11-24T08:45:39+00:00","dateModified":"2022-11-25T08:30:59+00:00","description":"P\u00e5 Lillbros G\u00e5rd m\u00f6ter vi Sareidah och Joakim som odlar och f\u00f6r\u00e4dla gr\u00f6nsaker f\u00f6r att fylla den stora matk\u00e4llare.","breadcrumb":{"@id":"https:\/\/foradlingsodling.se\/lillbros-gard-arbra\/#breadcrumb"},"inLanguage":"sv-SE","potentialAction":[{"@type":"ReadAction","target":["https:\/\/foradlingsodling.se\/lillbros-gard-arbra\/"]}]},{"@type":"ImageObject","inLanguage":"sv-SE","@id":"https:\/\/foradlingsodling.se\/lillbros-gard-arbra\/#primaryimage","url":"https:\/\/foradlingsodling.se\/wp-content\/uploads\/2022\/11\/IMG_2577.jpg","contentUrl":"https:\/\/foradlingsodling.se\/wp-content\/uploads\/2022\/11\/IMG_2577.jpg","width":2048,"height":1365},{"@type":"BreadcrumbList","@id":"https:\/\/foradlingsodling.se\/lillbros-gard-arbra\/#breadcrumb","itemListElement":[{"@type":"ListItem","position":1,"name":"Hem","item":"https:\/\/foradlingsodling.se\/"},{"@type":"ListItem","position":2,"name":"Lillbros G\u00e5rd, Arbr\u00e5"}]},{"@type":"WebSite","@id":"https:\/\/foradlingsodling.se\/#website","url":"https:\/\/foradlingsodling.se\/","name":"F\u00f6r\u00e4dlingsodling","description":"","potentialAction":[{"@type":"SearchAction","target":{"@type":"EntryPoint","urlTemplate":"https:\/\/foradlingsodling.se\/?s={search_term_string}"},"query-input":{"@type":"PropertyValueSpecification","valueRequired":true,"valueName":"search_term_string"}}],"inLanguage":"sv-SE"}]}},"_links":{"self":[{"href":"https:\/\/foradlingsodling.se\/sv\/wp-json\/wp\/v2\/pages\/974","targetHints":{"allow":["GET"]}}],"collection":[{"href":"https:\/\/foradlingsodling.se\/sv\/wp-json\/wp\/v2\/pages"}],"about":[{"href":"https:\/\/foradlingsodling.se\/sv\/wp-json\/wp\/v2\/types\/page"}],"author":[{"embeddable":true,"href":"https:\/\/foradlingsodling.se\/sv\/wp-json\/wp\/v2\/users\/1"}],"replies":[{"embeddable":true,"href":"https:\/\/foradlingsodling.se\/sv\/wp-json\/wp\/v2\/comments?post=974"}],"version-history":[{"count":41,"href":"https:\/\/foradlingsodling.se\/sv\/wp-json\/wp\/v2\/pages\/974\/revisions"}],"predecessor-version":[{"id":1116,"href":"https:\/\/foradlingsodling.se\/sv\/wp-json\/wp\/v2\/pages\/974\/revisions\/1116"}],"wp:featuredmedia":[{"embeddable":true,"href":"https:\/\/foradlingsodling.se\/sv\/wp-json\/wp\/v2\/media\/1043"}],"wp:attachment":[{"href":"https:\/\/foradlingsodling.se\/sv\/wp-json\/wp\/v2\/media?parent=974"}],"curies":[{"name":"wp","href":"https:\/\/api.w.org\/{rel}","templated":true}]}}