{"id":923,"date":"2022-11-11T10:33:45","date_gmt":"2022-11-11T09:33:45","guid":{"rendered":"https:\/\/foradlingsodling.se\/?page_id=923"},"modified":"2022-11-19T10:10:44","modified_gmt":"2022-11-19T09:10:44","slug":"en-kort-film-med-tre-enkla-recept","status":"publish","type":"page","link":"https:\/\/foradlingsodling.se\/sv\/en-kort-film-med-tre-enkla-recept\/","title":{"rendered":"Tre enkla recept &#8211; video"},"content":{"rendered":"\n<figure class=\"wp-block-embed is-type-video is-provider-youtube wp-block-embed-youtube wp-embed-aspect-16-9 wp-has-aspect-ratio\"><div class=\"wp-block-embed__wrapper\">\n<iframe loading=\"lazy\" title=\"Vegetable Fermentation | A course with Brigid Lefevre\" width=\"525\" height=\"295\" src=\"https:\/\/www.youtube.com\/embed\/GjQu_0KGK3I?feature=oembed\" frameborder=\"0\" allow=\"accelerometer; autoplay; clipboard-write; encrypted-media; gyroscope; picture-in-picture; web-share\" referrerpolicy=\"strict-origin-when-cross-origin\" allowfullscreen><\/iframe>\n<\/div><\/figure>\n\n\n\n<p>Tillsammans med Mattias Ohlsson p\u00e5&nbsp;<a href=\"https:\/\/campfire-stories.org\/\" target=\"_blank\" rel=\"noreferrer noopener\">Campfire Stories<\/a>&nbsp;har vi tagit fram en kort film med tre super enkla recept.&nbsp; Vi hoppas att den kan inspirera fler till att prova mj\u00f6lksyrning och att det kan \u00e4ven inspirera ni som lagar mat till m\u00e5nga att f\u00e5 med detta i vardagen.  Filmen har undertext p\u00e5 engelska ifall det \u00f6nskas.<\/p>\n\n\n\n<p>Mj\u00f6lksyrar du till barn p\u00e5 skolk\u00f6k eller hemma kan du justera recepten fr\u00e5n filmen genom att skippa l\u00f6k och vitl\u00f6k och g\u00f6r ett&nbsp;<a href=\"https:\/\/foradlingsodling.se\/salt-och-vatten\/\" target=\"_blank\" rel=\"noreferrer noopener\">saltlag<\/a>&nbsp;p\u00e5 4% (lite mindre salt \u00e4n i filmen).<\/p>\n\n\n\n<p>Sprid g\u00e4rna!&nbsp;&nbsp;<\/p>\n","protected":false},"excerpt":{"rendered":"<p>Tillsammans med Mattias Ohlsson p\u00e5&nbsp;Campfire Stories&nbsp;har vi tagit fram en kort film med tre super enkla recept.&nbsp; Vi hoppas att den kan inspirera fler till att prova mj\u00f6lksyrning och att det kan \u00e4ven inspirera ni som lagar mat till m\u00e5nga att f\u00e5 med detta i vardagen. Filmen har undertext p\u00e5 engelska ifall det \u00f6nskas. Mj\u00f6lksyrar &hellip; <\/p>\n<p class=\"link-more\"><a href=\"https:\/\/foradlingsodling.se\/sv\/en-kort-film-med-tre-enkla-recept\/\" class=\"more-link\">Forts\u00e4tt l\u00e4sa<span class=\"screen-reader-text\"> \u201dTre enkla recept &#8211; video\u201d<\/span><\/a><\/p>\n","protected":false},"author":1,"featured_media":938,"parent":0,"menu_order":0,"comment_status":"closed","ping_status":"closed","template":"","meta":{"_acf_changed":false,"footnotes":""},"class_list":["post-923","page","type-page","status-publish","has-post-thumbnail","hentry"],"acf":[],"yoast_head":"<!-- This site is optimized with the Yoast SEO plugin v27.4 - https:\/\/yoast.com\/product\/yoast-seo-wordpress\/ -->\n<title>Tre enkla recept - video &#8226; F\u00f6r\u00e4dlingsodling<\/title>\n<meta name=\"description\" content=\"Mj\u00f6lksyrade blomk\u00e5l med naturlig f\u00e4rg och en stor burk med blandade gr\u00f6nsaker. Du hittar n\u00e5got f\u00f6r alla i denna korta videon.\" \/>\n<meta name=\"robots\" content=\"index, follow, max-snippet:-1, max-image-preview:large, max-video-preview:-1\" \/>\n<link rel=\"canonical\" href=\"https:\/\/foradlingsodling.se\/en-kort-film-med-tre-enkla-recept\/\" \/>\n<meta property=\"og:locale\" content=\"sv_SE\" \/>\n<meta property=\"og:type\" content=\"article\" \/>\n<meta property=\"og:title\" content=\"Tre enkla recept - video &#8226; F\u00f6r\u00e4dlingsodling\" \/>\n<meta property=\"og:description\" content=\"Mj\u00f6lksyrade blomk\u00e5l med naturlig f\u00e4rg och en stor burk med blandade gr\u00f6nsaker. Du hittar n\u00e5got f\u00f6r alla i denna korta videon.\" \/>\n<meta property=\"og:url\" content=\"https:\/\/foradlingsodling.se\/en-kort-film-med-tre-enkla-recept\/\" \/>\n<meta property=\"og:site_name\" content=\"F\u00f6r\u00e4dlingsodling\" \/>\n<meta property=\"article:modified_time\" content=\"2022-11-19T09:10:44+00:00\" \/>\n<meta property=\"og:image\" content=\"https:\/\/foradlingsodling.se\/wp-content\/uploads\/2022\/11\/tre-burkar-med-text-e1668848944854.png\" \/>\n\t<meta property=\"og:image:width\" content=\"780\" \/>\n\t<meta property=\"og:image:height\" content=\"438\" \/>\n\t<meta property=\"og:image:type\" content=\"image\/png\" \/>\n<meta name=\"twitter:card\" content=\"summary_large_image\" \/>\n<meta name=\"twitter:label1\" content=\"Ber\u00e4knad l\u00e4stid\" \/>\n\t<meta name=\"twitter:data1\" content=\"1 minut\" \/>\n<script type=\"application\/ld+json\" class=\"yoast-schema-graph\">{\"@context\":\"https:\\\/\\\/schema.org\",\"@graph\":[{\"@type\":\"WebPage\",\"@id\":\"https:\\\/\\\/foradlingsodling.se\\\/en-kort-film-med-tre-enkla-recept\\\/\",\"url\":\"https:\\\/\\\/foradlingsodling.se\\\/en-kort-film-med-tre-enkla-recept\\\/\",\"name\":\"Tre enkla recept - video &#8226; F\u00f6r\u00e4dlingsodling\",\"isPartOf\":{\"@id\":\"https:\\\/\\\/foradlingsodling.se\\\/#website\"},\"primaryImageOfPage\":{\"@id\":\"https:\\\/\\\/foradlingsodling.se\\\/en-kort-film-med-tre-enkla-recept\\\/#primaryimage\"},\"image\":{\"@id\":\"https:\\\/\\\/foradlingsodling.se\\\/en-kort-film-med-tre-enkla-recept\\\/#primaryimage\"},\"thumbnailUrl\":\"https:\\\/\\\/foradlingsodling.se\\\/wp-content\\\/uploads\\\/2022\\\/11\\\/tre-burkar-med-text-e1668848944854.png\",\"datePublished\":\"2022-11-11T09:33:45+00:00\",\"dateModified\":\"2022-11-19T09:10:44+00:00\",\"description\":\"Mj\u00f6lksyrade blomk\u00e5l med naturlig f\u00e4rg och en stor burk med blandade gr\u00f6nsaker. Du hittar n\u00e5got f\u00f6r alla i denna korta videon.\",\"breadcrumb\":{\"@id\":\"https:\\\/\\\/foradlingsodling.se\\\/en-kort-film-med-tre-enkla-recept\\\/#breadcrumb\"},\"inLanguage\":\"sv-SE\",\"potentialAction\":[{\"@type\":\"ReadAction\",\"target\":[\"https:\\\/\\\/foradlingsodling.se\\\/en-kort-film-med-tre-enkla-recept\\\/\"]}]},{\"@type\":\"ImageObject\",\"inLanguage\":\"sv-SE\",\"@id\":\"https:\\\/\\\/foradlingsodling.se\\\/en-kort-film-med-tre-enkla-recept\\\/#primaryimage\",\"url\":\"https:\\\/\\\/foradlingsodling.se\\\/wp-content\\\/uploads\\\/2022\\\/11\\\/tre-burkar-med-text-e1668848944854.png\",\"contentUrl\":\"https:\\\/\\\/foradlingsodling.se\\\/wp-content\\\/uploads\\\/2022\\\/11\\\/tre-burkar-med-text-e1668848944854.png\",\"width\":780,\"height\":438},{\"@type\":\"BreadcrumbList\",\"@id\":\"https:\\\/\\\/foradlingsodling.se\\\/en-kort-film-med-tre-enkla-recept\\\/#breadcrumb\",\"itemListElement\":[{\"@type\":\"ListItem\",\"position\":1,\"name\":\"Hem\",\"item\":\"https:\\\/\\\/foradlingsodling.se\\\/\"},{\"@type\":\"ListItem\",\"position\":2,\"name\":\"Tre enkla recept &#8211; video\"}]},{\"@type\":\"WebSite\",\"@id\":\"https:\\\/\\\/foradlingsodling.se\\\/#website\",\"url\":\"https:\\\/\\\/foradlingsodling.se\\\/\",\"name\":\"F\u00f6r\u00e4dlingsodling\",\"description\":\"\",\"potentialAction\":[{\"@type\":\"SearchAction\",\"target\":{\"@type\":\"EntryPoint\",\"urlTemplate\":\"https:\\\/\\\/foradlingsodling.se\\\/?s={search_term_string}\"},\"query-input\":{\"@type\":\"PropertyValueSpecification\",\"valueRequired\":true,\"valueName\":\"search_term_string\"}}],\"inLanguage\":\"sv-SE\"}]}<\/script>\n<!-- \/ Yoast SEO plugin. -->","yoast_head_json":{"title":"Tre enkla recept - video &#8226; F\u00f6r\u00e4dlingsodling","description":"Mj\u00f6lksyrade blomk\u00e5l med naturlig f\u00e4rg och en stor burk med blandade gr\u00f6nsaker. Du hittar n\u00e5got f\u00f6r alla i denna korta videon.","robots":{"index":"index","follow":"follow","max-snippet":"max-snippet:-1","max-image-preview":"max-image-preview:large","max-video-preview":"max-video-preview:-1"},"canonical":"https:\/\/foradlingsodling.se\/en-kort-film-med-tre-enkla-recept\/","og_locale":"sv_SE","og_type":"article","og_title":"Tre enkla recept - video &#8226; F\u00f6r\u00e4dlingsodling","og_description":"Mj\u00f6lksyrade blomk\u00e5l med naturlig f\u00e4rg och en stor burk med blandade gr\u00f6nsaker. Du hittar n\u00e5got f\u00f6r alla i denna korta videon.","og_url":"https:\/\/foradlingsodling.se\/en-kort-film-med-tre-enkla-recept\/","og_site_name":"F\u00f6r\u00e4dlingsodling","article_modified_time":"2022-11-19T09:10:44+00:00","og_image":[{"width":780,"height":438,"url":"https:\/\/foradlingsodling.se\/wp-content\/uploads\/2022\/11\/tre-burkar-med-text-e1668848944854.png","type":"image\/png"}],"twitter_card":"summary_large_image","twitter_misc":{"Ber\u00e4knad l\u00e4stid":"1 minut"},"schema":{"@context":"https:\/\/schema.org","@graph":[{"@type":"WebPage","@id":"https:\/\/foradlingsodling.se\/en-kort-film-med-tre-enkla-recept\/","url":"https:\/\/foradlingsodling.se\/en-kort-film-med-tre-enkla-recept\/","name":"Tre enkla recept - video &#8226; F\u00f6r\u00e4dlingsodling","isPartOf":{"@id":"https:\/\/foradlingsodling.se\/#website"},"primaryImageOfPage":{"@id":"https:\/\/foradlingsodling.se\/en-kort-film-med-tre-enkla-recept\/#primaryimage"},"image":{"@id":"https:\/\/foradlingsodling.se\/en-kort-film-med-tre-enkla-recept\/#primaryimage"},"thumbnailUrl":"https:\/\/foradlingsodling.se\/wp-content\/uploads\/2022\/11\/tre-burkar-med-text-e1668848944854.png","datePublished":"2022-11-11T09:33:45+00:00","dateModified":"2022-11-19T09:10:44+00:00","description":"Mj\u00f6lksyrade blomk\u00e5l med naturlig f\u00e4rg och en stor burk med blandade gr\u00f6nsaker. Du hittar n\u00e5got f\u00f6r alla i denna korta videon.","breadcrumb":{"@id":"https:\/\/foradlingsodling.se\/en-kort-film-med-tre-enkla-recept\/#breadcrumb"},"inLanguage":"sv-SE","potentialAction":[{"@type":"ReadAction","target":["https:\/\/foradlingsodling.se\/en-kort-film-med-tre-enkla-recept\/"]}]},{"@type":"ImageObject","inLanguage":"sv-SE","@id":"https:\/\/foradlingsodling.se\/en-kort-film-med-tre-enkla-recept\/#primaryimage","url":"https:\/\/foradlingsodling.se\/wp-content\/uploads\/2022\/11\/tre-burkar-med-text-e1668848944854.png","contentUrl":"https:\/\/foradlingsodling.se\/wp-content\/uploads\/2022\/11\/tre-burkar-med-text-e1668848944854.png","width":780,"height":438},{"@type":"BreadcrumbList","@id":"https:\/\/foradlingsodling.se\/en-kort-film-med-tre-enkla-recept\/#breadcrumb","itemListElement":[{"@type":"ListItem","position":1,"name":"Hem","item":"https:\/\/foradlingsodling.se\/"},{"@type":"ListItem","position":2,"name":"Tre enkla recept &#8211; video"}]},{"@type":"WebSite","@id":"https:\/\/foradlingsodling.se\/#website","url":"https:\/\/foradlingsodling.se\/","name":"F\u00f6r\u00e4dlingsodling","description":"","potentialAction":[{"@type":"SearchAction","target":{"@type":"EntryPoint","urlTemplate":"https:\/\/foradlingsodling.se\/?s={search_term_string}"},"query-input":{"@type":"PropertyValueSpecification","valueRequired":true,"valueName":"search_term_string"}}],"inLanguage":"sv-SE"}]}},"_links":{"self":[{"href":"https:\/\/foradlingsodling.se\/sv\/wp-json\/wp\/v2\/pages\/923","targetHints":{"allow":["GET"]}}],"collection":[{"href":"https:\/\/foradlingsodling.se\/sv\/wp-json\/wp\/v2\/pages"}],"about":[{"href":"https:\/\/foradlingsodling.se\/sv\/wp-json\/wp\/v2\/types\/page"}],"author":[{"embeddable":true,"href":"https:\/\/foradlingsodling.se\/sv\/wp-json\/wp\/v2\/users\/1"}],"replies":[{"embeddable":true,"href":"https:\/\/foradlingsodling.se\/sv\/wp-json\/wp\/v2\/comments?post=923"}],"version-history":[{"count":4,"href":"https:\/\/foradlingsodling.se\/sv\/wp-json\/wp\/v2\/pages\/923\/revisions"}],"predecessor-version":[{"id":929,"href":"https:\/\/foradlingsodling.se\/sv\/wp-json\/wp\/v2\/pages\/923\/revisions\/929"}],"wp:featuredmedia":[{"embeddable":true,"href":"https:\/\/foradlingsodling.se\/sv\/wp-json\/wp\/v2\/media\/938"}],"wp:attachment":[{"href":"https:\/\/foradlingsodling.se\/sv\/wp-json\/wp\/v2\/media?parent=923"}],"curies":[{"name":"wp","href":"https:\/\/api.w.org\/{rel}","templated":true}]}}