{"id":708,"date":"2022-09-30T10:30:58","date_gmt":"2022-09-30T08:30:58","guid":{"rendered":"https:\/\/foradlingsodling.se\/?page_id=708"},"modified":"2024-01-17T11:23:32","modified_gmt":"2024-01-17T10:23:32","slug":"resurser","status":"publish","type":"page","link":"https:\/\/foradlingsodling.se\/sv\/resurser\/","title":{"rendered":"Resurser"},"content":{"rendered":"\n<h2 class=\"wp-block-heading\">Hitta bra grejer till mj\u00f6lksyrning<\/h2>\n\n\n<div class=\"wp-block-image\">\n<figure class=\"aligncenter size-full is-resized\"><a href=\"https:\/\/www.koksbryggeriet.se\/sv\/artiklar\/syrningskit-3-liter-klassiskt.html\"><img loading=\"lazy\" decoding=\"async\" width=\"932\" height=\"836\" src=\"https:\/\/foradlingsodling.se\/wp-content\/uploads\/2022\/09\/ferm_syrningskit3l-1.webp\" alt=\"\" class=\"wp-image-769\" style=\"width:399px;height:358px\"\/><\/a><figcaption class=\"wp-element-caption\">Keramik krus, k\u00e5lhyvel och stomp till mycket bra pris fr\u00e5n k\u00f6ksbryggeriet.se<\/figcaption><\/figure>\n<\/div>\n\n\n<p><strong>K\u00f6ksbryggeriet<\/strong> <a href=\"https:\/\/www.koksbryggeriet.se\/\">https:\/\/www.koksbryggeriet.se\/<\/a><\/p>\n\n\n\n<p><strong>Svensk Ekomarknad<\/strong> <a href=\"http:\/\/sem.e0.se\/ebutiken\/http:\/\/sem.e0.se\/ebutiken\/glas-och-keramik\/syrn-kruka-zcb-rak-10-lit-olivgron\/\">http:\/\/sem.e0.se\/ebutiken\/<\/a> f\u00f6r syrningskrukor, hyvel och glassburkar<\/p>\n\n\n\n<p><strong>Humleg\u00e5rdens Ekolager<\/strong> <a href=\"https:\/\/shop.humle.se\/\">https:\/\/shop.humle.se\/<\/a> f\u00f6r j\u00e4shinkar och vattenl\u00e5s<\/p>\n\n\n\n<p><strong>Bagaren och Kocken<\/strong> <a href=\"https:\/\/bagarenochkocken.se\/\">https:\/\/bagarenochkocken.se\/<\/a> f\u00f6r k\u00f6ksredskap och <a href=\"https:\/\/bagarenochkocken.se\/fler-produkter\/ovrigt\/kilner-fermentation-set\/\">syrningsburkar<\/a><\/p>\n\n\n\n<p><strong>Restaurang Grossisten<\/strong> <a href=\"https:\/\/www.restauranggrossisten.com\/\">https:\/\/www.restauranggrossisten.com\/<\/a> f\u00f6r st\u00f6rre k\u00f6ksmaskiner<\/p>\n\n\n\n<p><strong>Biredskaps Fabriken<\/strong> <a href=\"https:\/\/www.biredskapsfabriken.se\/\">https:\/\/www.biredskapsfabriken.se\/<\/a> eller andra biredskaps butiker f\u00f6r burkar och lock.<\/p>\n\n\n\n<p><strong>Nordic Pack<\/strong> <a href=\"http:\/\/www.nordicpack.se\">www.nordicpack.se<\/a> f\u00f6r burkar och andra f\u00f6rpackning<\/p>\n\n\n\n<p>Riskklassning: <a href=\"https:\/\/kontrollwiki.livsmedelsverket.se\/artikel\/195\/riskmodulen\">https:\/\/kontrollwiki.livsmedelsverket.se\/artikel\/195\/riskmodulen<\/a><\/p>\n\n\n\n<p>Kolst\u00e5l knivar fr\u00e5n Vietnam &#8211; v\u00e4ldigt vassa och inte alls dyra. <a href=\"https:\/\/xn--kolstl-mua.se\/\">www.kolst\u00e5l.se<\/a><\/p>\n\n\n\n<div class=\"wp-block-columns is-layout-flex wp-container-core-columns-is-layout-9d6595d7 wp-block-columns-is-layout-flex\">\n<div class=\"wp-block-column is-layout-flow wp-block-column-is-layout-flow\">\n<hr class=\"wp-block-separator has-alpha-channel-opacity\"\/>\n\n\n\n<h2 class=\"wp-block-heading\">B\u00f6cker<\/h2>\n\n\n\n<p>H\u00e4r \u00e4r n\u00e5gra av mina favorit b\u00f6cker om fermentering. L\u00e4ngst ner hittar du en rad b\u00f6cker som jag har sj\u00e4lv inte jobbat med men som verkar mycket bra.<\/p>\n<\/div>\n<\/div>\n\n\n\n<div class=\"wp-block-columns is-layout-flex wp-container-core-columns-is-layout-9d6595d7 wp-block-columns-is-layout-flex\">\n<div class=\"wp-block-column is-layout-flow wp-block-column-is-layout-flow\">\n<div class=\"wp-block-columns is-layout-flex wp-container-core-columns-is-layout-9d6595d7 wp-block-columns-is-layout-flex\">\n<div class=\"wp-block-column is-layout-flow wp-block-column-is-layout-flow\" style=\"flex-basis:66.66%\">\n<p><strong>Wild Fermentation av Sandor Katz<\/strong><\/p>\n\n\n\n<p>Stor inspiration fr\u00e5n hela v\u00e4rlden, t\u00e4cker alla slags fermentering, h\u00e4lsa och kulturella perspektiv.   <\/p>\n\n\n\n<p>L\u00e4tt tillg\u00e4nglig och mycket anv\u00e4ndbar bok, finns inte p\u00e5 Svenska.<\/p>\n\n\n\n<p>M\u00e5nga vetenskapliga\/akademiska referenser.<\/p>\n<\/div>\n\n\n\n<div class=\"wp-block-column is-layout-flow wp-block-column-is-layout-flow\" style=\"flex-basis:33.33%\"><div class=\"wp-block-image\">\n<figure class=\"alignleft size-full is-resized\"><a href=\"https:\/\/www.adlibris.com\/se\/bok\/wild-fermentation-9781603586283?gclid=Cj0KCQjwyOuYBhCGARIsAIdGQRPkuKdIJaevANYpmY9qigtIIy8tlW4VxPsSlLNAQWE2MYzh2RZxQmwaArRwEALw_wcB\"><img loading=\"lazy\" decoding=\"async\" width=\"832\" height=\"1248\" src=\"https:\/\/foradlingsodling.se\/wp-content\/uploads\/2022\/09\/WildFermentation_1248x1248-edited.webp\" alt=\"\" class=\"wp-image-714\" style=\"width:194px;height:290px\"\/><\/a><\/figure>\n<\/div><\/div>\n<\/div>\n<\/div>\n<\/div>\n\n\n\n<div class=\"wp-block-group\"><div class=\"wp-block-group__inner-container is-layout-flow wp-block-group-is-layout-flow\">\n<div class=\"wp-block-columns is-layout-flex wp-container-core-columns-is-layout-9d6595d7 wp-block-columns-is-layout-flex\">\n<div class=\"wp-block-column is-layout-flow wp-block-column-is-layout-flow\" style=\"flex-basis:66.66%\">\n<p><strong>Det Koreanska K\u00f6ket av Byung-Hi &amp; Byung Soon Lim<\/strong><\/p>\n\n\n\n<p>Bra introduktion till kimchi i alla dens f\u00e4rger och former, enkla recept och vackra bilder.  Jag brukar skippa socker och fisks\u00e5sen och ers\u00e4tta <em>gochugaru<\/em> med egenodlade chili. Bokan inneh\u00e5ller \u00e4ven finna recept till matr\u00e4tter d\u00e4r kimchi ing\u00e5r.<\/p>\n<\/div>\n\n\n\n<div class=\"wp-block-column is-layout-flow wp-block-column-is-layout-flow\" style=\"flex-basis:33.33%\">\n<figure class=\"wp-block-image size-full\"><a href=\"https:\/\/www.adlibris.com\/se\/bok\/det-koreanska-koket-9789127152823?gclid=CjwKCAjwp9qZBhBkEiwAsYFsb1kguO2XG9JtsIhmmfbBko6zRYCKKRDHse0M6swQ96S_iAT2rIc6PBoCbYcQAvD_BwE\"><img loading=\"lazy\" decoding=\"async\" width=\"202\" height=\"250\" src=\"https:\/\/foradlingsodling.se\/wp-content\/uploads\/2022\/09\/det-koreanska-ko\u0308ket.jpeg\" alt=\"\" class=\"wp-image-718\"\/><\/a><\/figure>\n<\/div>\n<\/div>\n<\/div><\/div>\n\n\n\n<div class=\"wp-block-group\"><div class=\"wp-block-group__inner-container is-layout-flow wp-block-group-is-layout-flow\">\n<div class=\"wp-block-columns is-layout-flex wp-container-core-columns-is-layout-9d6595d7 wp-block-columns-is-layout-flex\">\n<div class=\"wp-block-column is-layout-flow wp-block-column-is-layout-flow\" style=\"flex-basis:66.66%\">\n<p><strong>Preserving food without canning or freezing<\/strong>. Chelsea Green Publishing.<\/p>\n\n\n\n<p>Mycket v\u00e4rdefulla intressanta recept f\u00f6r sj\u00e4lvhush\u00e5llning &#8211;  samlad recept fr\u00e5n m\u00e5nga sm\u00e5 g\u00e5rder i Frankrike.<\/p>\n<\/div>\n\n\n\n<div class=\"wp-block-column is-layout-flow wp-block-column-is-layout-flow\" style=\"flex-basis:33.33%\">\n<figure class=\"wp-block-image size-full is-resized\"><a href=\"https:\/\/www.bokus.com\/bok\/9781933392592\/preserving-food-without-freezing-or-canning\/\"><img loading=\"lazy\" decoding=\"async\" width=\"1280\" height=\"1709\" src=\"https:\/\/foradlingsodling.se\/wp-content\/uploads\/2022\/09\/LA565-preserving-food-without-freezing-or-canning-f-63-1-edited-1.jpeg\" alt=\"\" class=\"wp-image-723\" style=\"width:180px;height:239px\"\/><\/a><\/figure>\n<\/div>\n<\/div>\n<\/div><\/div>\n\n\n\n<div class=\"wp-block-group\"><div class=\"wp-block-group__inner-container is-layout-flow wp-block-group-is-layout-flow\">\n<div class=\"wp-block-columns is-layout-flex wp-container-core-columns-is-layout-9d6595d7 wp-block-columns-is-layout-flex\">\n<div class=\"wp-block-column is-layout-flow wp-block-column-is-layout-flow\" style=\"flex-basis:66.66%\">\n<p><strong>The Art of Fermentation av Sandor Katz<\/strong><\/p>\n\n\n\n<p>B\u00e4sta referens boken f\u00f6r allt om fermentering, djupg\u00e5ende information.  Inte s\u00e5 m\u00e5nga recept och f\u00e5 bilder.  Den boken jag har anv\u00e4nt mest f\u00f6r att f\u00f6rst\u00e5 och l\u00e4ra ut mj\u00f6lksyrning och andra fermentering.<\/p>\n<\/div>\n\n\n\n<div class=\"wp-block-column is-layout-flow wp-block-column-is-layout-flow\" style=\"flex-basis:33.33%\">\n<figure class=\"wp-block-image size-full is-resized\"><a href=\"https:\/\/www.bokus.com\/bok\/9781603582865\/the-art-of-fermentation\/?gclid=Cj0KCQjwyOuYBhCGARIsAIdGQRMGYzek9tH1aU86wx7QfFKIXEjoIY4jyeIj1R6gVQ1u1Se7ZJ8J0RkaAsWeEALw_wcB\"><img loading=\"lazy\" decoding=\"async\" width=\"700\" height=\"900\" src=\"https:\/\/foradlingsodling.se\/wp-content\/uploads\/2022\/09\/sandor-ellix-katz-the-art-of-fermentation-1.jpeg\" alt=\"\" class=\"wp-image-716\" style=\"width:201px;height:259px\"\/><\/a><\/figure>\n<\/div>\n<\/div>\n<\/div><\/div>\n\n\n\n<div class=\"wp-block-columns is-layout-flex wp-container-core-columns-is-layout-9d6595d7 wp-block-columns-is-layout-flex\">\n<div class=\"wp-block-column is-layout-flow wp-block-column-is-layout-flow\" style=\"flex-basis:66.66%\">\n<p><strong>Mj\u00f6lksyre j\u00e4sning av gr\u00f6nsaker av Annelies Sch\u00f6neck<\/strong><\/p>\n\n\n\n<p>Boken \u00e4r inte l\u00e4ngre i tryck men finns som vacker <a href=\"http:\/\/hiddeningrains.se\/wp-%20content\/uploads\/2020\/11\/annelie-schoneck_mjolksyrning_bok.pdf\">gr<\/a><a href=\"https:\/\/hiddeningrains.se\/wp-content\/uploads\/2020\/11\/annelie-schoneck_mjolksyrning_bok.pdf\">atis pdf<\/a> f\u00f6r nedladdning.  Boken \u00e4r kortfattat och fylld med roliga recept, fina illustrationer samt bra information om utrustning, h\u00e4lsa och den biologiska processen. Den \u00e4r dessutom den f\u00f6rsta bok om mj\u00f6lksyrning som skrevs p\u00e5 Svenska och har inspirerats m\u00e5nga enda sedan 80 talet.<\/p>\n<\/div>\n\n\n\n<div class=\"wp-block-column is-layout-flow wp-block-column-is-layout-flow\" style=\"flex-basis:33.33%\">\n<figure class=\"wp-block-image size-full is-resized\"><a href=\"https:\/\/hiddeningrains.se\/wp-content\/uploads\/2020\/11\/annelie-schoneck_mjolksyrning_bok.pdf\" target=\"_blank\" rel=\"noreferrer noopener\"><img loading=\"lazy\" decoding=\"async\" width=\"300\" height=\"424\" src=\"https:\/\/foradlingsodling.se\/wp-content\/uploads\/2022\/09\/Mjo\u0308lksyre-ja\u0308sning.webp\" alt=\"\" class=\"wp-image-712\" style=\"width:174px;height:246px\"\/><\/a><\/figure>\n<\/div>\n<\/div>\n\n\n\n<div class=\"wp-block-columns is-layout-flex wp-container-core-columns-is-layout-9d6595d7 wp-block-columns-is-layout-flex\">\n<div class=\"wp-block-column is-layout-flow wp-block-column-is-layout-flow\" style=\"flex-basis:66.66%\">\n<p><strong>F\u00f6r\u00e4dlingsodling: mj\u00f6lksyrning f\u00f6r sm\u00e5skalig gr\u00f6nsaksodlare<\/strong> av Brigid Lefevre<\/p>\n\n\n\n<p>Kompendium med information och recept som togs fram till kursdagarna under projektet. Gratis nerladdning.<\/p>\n<\/div>\n\n\n\n<div class=\"wp-block-column is-layout-flow wp-block-column-is-layout-flow\" style=\"flex-basis:33.33%\">\n<figure class=\"wp-block-image size-full is-resized\"><a href=\"https:\/\/foradlingsodling.se\/kompendium-pdf\/\"><img loading=\"lazy\" decoding=\"async\" width=\"1536\" height=\"2048\" src=\"https:\/\/foradlingsodling.se\/wp-content\/uploads\/2023\/01\/bild-kurshafte.jpg\" alt=\"\" class=\"wp-image-1124\" style=\"width:192px;height:256px\"\/><\/a><\/figure>\n<\/div>\n<\/div>\n\n\n\n<div class=\"wp-block-columns is-layout-flex wp-container-core-columns-is-layout-9d6595d7 wp-block-columns-is-layout-flex\">\n<div class=\"wp-block-column is-layout-flow wp-block-column-is-layout-flow\">\n<figure class=\"wp-block-image size-full\"><a href=\"https:\/\/www.bokus.com\/bok\/9780717171149\/the-cultured-club\/?gclid=CjwKCAjwp9qZBhBkEiwAsYFsb44FI5QlxQrY38FlzqXml-0doxK6XREWZLFCkjzR436YZf4--J4hoxoCBnAQAvD_BwE\"><img loading=\"lazy\" decoding=\"async\" width=\"272\" height=\"400\" src=\"https:\/\/foradlingsodling.se\/wp-content\/uploads\/2022\/09\/the-cultured-club.jpeg\" alt=\"\" class=\"wp-image-717\"\/><\/a><figcaption class=\"wp-element-caption\"><strong>The Cultured Club<\/strong> av Dearbhla Reynolds<\/figcaption><\/figure>\n<\/div>\n\n\n\n<div class=\"wp-block-column is-layout-flow wp-block-column-is-layout-flow\">\n<figure class=\"wp-block-image size-full\"><a href=\"https:\/\/www.adlibris.com\/se\/bok\/stora-boken-om-fermentering-fakta-och-75-recept-med-jast-mogel-och-bakterier-9789113107295?gclid=CjwKCAjwp9qZBhBkEiwAsYFsb3aQbkZfGCGV4-HD0aK0Kks6QpOBubZ7GYLnfBZF4EFsc3TTcLh5uxoCSHgQAvD_BwE\"><img loading=\"lazy\" decoding=\"async\" width=\"500\" height=\"711\" src=\"https:\/\/foradlingsodling.se\/wp-content\/uploads\/2022\/09\/stora-boken-om-fermentering.webp\" alt=\"Stora boken om fermentering av Jenny Neikell\n\n\" class=\"wp-image-761\"\/><\/a><figcaption class=\"wp-element-caption\"><strong>Stora boken om fermentering<\/strong> av Jenny Neikell<\/figcaption><\/figure>\n<\/div>\n\n\n\n<div class=\"wp-block-column is-layout-flow wp-block-column-is-layout-flow\">\n<figure class=\"wp-block-image size-full\"><a href=\"https:\/\/www.adlibris.com\/se\/bok\/det-nordiska-skafferiet-torkning-mjolksyrning-fermentering-inlaggningar-olja-vinager-salt-9789127161733?gclid=CjwKCAjwp9qZBhBkEiwAsYFsb5BIZdpwTDJuCII6Hc5eB0c5Xy2Mt0mi_E9MAniWltzl3YJGQ15JuhoCwIsQAvD_BwE\"><img loading=\"lazy\" decoding=\"async\" width=\"280\" height=\"366\" src=\"https:\/\/foradlingsodling.se\/wp-content\/uploads\/2022\/09\/Det-nordiska-skafferiet-9789127161733.png\" alt=\"\" class=\"wp-image-767\"\/><\/a><figcaption class=\"wp-element-caption\"><strong>Det Nordiska Skafferiet<\/strong> av Johan Bj\u00f6rkman<\/figcaption><\/figure>\n<\/div>\n\n\n\n<div class=\"wp-block-column is-layout-flow wp-block-column-is-layout-flow\">\n<figure class=\"wp-block-image size-full\"><a href=\"https:\/\/www.bokus.com\/bok\/9781603588515\/wildcrafted-fermentation\/?gclid=CjwKCAjwp9qZBhBkEiwAsYFsb_svkPxDa5SBnT8cnU0Jl6gBAm72Lf2tSaurJmpNI_9_-Qv0bdJXxRoCjzgQAvD_BwE\"><img loading=\"lazy\" decoding=\"async\" width=\"200\" height=\"286\" src=\"https:\/\/foradlingsodling.se\/wp-content\/uploads\/2022\/09\/wildcrafted-fermentation.jpeg\" alt=\"\" class=\"wp-image-766\"\/><\/a><figcaption class=\"wp-element-caption\"><strong>Wildcraft fermentation, <\/strong>Pascal Baudar<br><\/figcaption><\/figure>\n<\/div>\n\n\n\n<div class=\"wp-block-column is-layout-flow wp-block-column-is-layout-flow\">\n<figure class=\"wp-block-image size-full\"><a href=\"https:\/\/www.bokus.com\/bok\/9781579657185\/the-noma-guide-to-fermentation-foundations-of-flavor\/\"><img loading=\"lazy\" decoding=\"async\" width=\"431\" height=\"647\" src=\"https:\/\/foradlingsodling.se\/wp-content\/uploads\/2022\/09\/Noma-edited-1.webp\" alt=\"\" class=\"wp-image-764\"\/><\/a><figcaption class=\"wp-element-caption\"><strong>The Noma Guide to Fermentation <\/strong>(Foundations of Flavours) av Rene Redzepi och David Zilber<\/figcaption><\/figure>\n<\/div>\n<\/div>\n\n\n\n<h2 class=\"wp-block-heading\"><\/h2>\n\n\n\n<p><strong>Artikler<\/strong>:<\/p>\n\n\n\n<p><a href=\"https:\/\/www.ncbi.nlm.nih.gov\/pmc\/articles\/PMC5216880\/\">A Review of Fermented Foods with Beneficial Effects on Brain and Cognitive Function<\/a>. Binna Kim, Veronica Minsu Hong et al<\/p>\n\n\n\n<p><a href=\"https:\/\/www.nature.com\/articles\/s41575-020-00390-5\">The International Scientific Association for Probiotics and Prebiotics (ISAPP) Consensus Statement on Fermented Foods<\/a>. Maria&nbsp;L.&nbsp;Marco, Mary&nbsp;Ellen&nbsp;Sanders et al<\/p>\n\n\n\n<p>Riskklassning: <a href=\"https:\/\/kontrollwiki.livsmedelsverket.se\/artikel\/195\/riskmodulen\">https:\/\/kontrollwiki.livsmedelsverket.se\/artikel\/195\/riskmodulen<\/a><\/p>\n\n\n\n<p><br><\/p>\n\n\n\n<p><br><br><\/p>\n","protected":false},"excerpt":{"rendered":"<p>Hitta bra grejer till mj\u00f6lksyrning K\u00f6ksbryggeriet https:\/\/www.koksbryggeriet.se\/ Svensk Ekomarknad http:\/\/sem.e0.se\/ebutiken\/ f\u00f6r syrningskrukor, hyvel och glassburkar Humleg\u00e5rdens Ekolager https:\/\/shop.humle.se\/ f\u00f6r j\u00e4shinkar och vattenl\u00e5s Bagaren och Kocken https:\/\/bagarenochkocken.se\/ f\u00f6r k\u00f6ksredskap och syrningsburkar Restaurang Grossisten https:\/\/www.restauranggrossisten.com\/ f\u00f6r st\u00f6rre k\u00f6ksmaskiner Biredskaps Fabriken https:\/\/www.biredskapsfabriken.se\/ eller andra biredskaps butiker f\u00f6r burkar och lock. Nordic Pack www.nordicpack.se f\u00f6r burkar och andra f\u00f6rpackning &hellip; <\/p>\n<p class=\"link-more\"><a href=\"https:\/\/foradlingsodling.se\/sv\/resurser\/\" class=\"more-link\">Forts\u00e4tt l\u00e4sa<span class=\"screen-reader-text\"> \u201dResurser\u201d<\/span><\/a><\/p>\n","protected":false},"author":1,"featured_media":710,"parent":0,"menu_order":0,"comment_status":"closed","ping_status":"closed","template":"","meta":{"_acf_changed":false,"footnotes":""},"class_list":["post-708","page","type-page","status-publish","has-post-thumbnail","hentry"],"acf":[],"yoast_head":"<!-- This site is optimized with the Yoast SEO plugin v27.4 - https:\/\/yoast.com\/product\/yoast-seo-wordpress\/ -->\n<title>Resurser &#8226; F\u00f6r\u00e4dlingsodling<\/title>\n<meta name=\"description\" content=\"Resurser f\u00f6r mj\u00f6lksyrning, boktips och l\u00e4nkar till f\u00f6rs\u00e4ljare av redskap.\" \/>\n<meta name=\"robots\" content=\"index, follow, max-snippet:-1, max-image-preview:large, max-video-preview:-1\" \/>\n<link rel=\"canonical\" href=\"https:\/\/foradlingsodling.se\/resurser\/\" \/>\n<meta property=\"og:locale\" content=\"sv_SE\" \/>\n<meta property=\"og:type\" content=\"article\" \/>\n<meta property=\"og:title\" content=\"Resurser &#8226; F\u00f6r\u00e4dlingsodling\" \/>\n<meta property=\"og:description\" content=\"Resurser f\u00f6r mj\u00f6lksyrning, boktips och l\u00e4nkar till f\u00f6rs\u00e4ljare av redskap.\" \/>\n<meta property=\"og:url\" content=\"https:\/\/foradlingsodling.se\/resurser\/\" \/>\n<meta property=\"og:site_name\" content=\"F\u00f6r\u00e4dlingsodling\" \/>\n<meta property=\"article:modified_time\" content=\"2024-01-17T10:23:32+00:00\" \/>\n<meta property=\"og:image\" content=\"https:\/\/foradlingsodling.se\/wp-content\/uploads\/2022\/09\/bo\u0308cker-landscape.jpeg\" \/>\n\t<meta property=\"og:image:width\" content=\"2048\" \/>\n\t<meta property=\"og:image:height\" content=\"1368\" \/>\n\t<meta property=\"og:image:type\" content=\"image\/jpeg\" \/>\n<meta name=\"twitter:card\" content=\"summary_large_image\" \/>\n<meta name=\"twitter:label1\" content=\"Ber\u00e4knad l\u00e4stid\" \/>\n\t<meta name=\"twitter:data1\" content=\"5 minuter\" \/>\n<script type=\"application\/ld+json\" class=\"yoast-schema-graph\">{\"@context\":\"https:\\\/\\\/schema.org\",\"@graph\":[{\"@type\":\"WebPage\",\"@id\":\"https:\\\/\\\/foradlingsodling.se\\\/resurser\\\/\",\"url\":\"https:\\\/\\\/foradlingsodling.se\\\/resurser\\\/\",\"name\":\"Resurser &#8226; F\u00f6r\u00e4dlingsodling\",\"isPartOf\":{\"@id\":\"https:\\\/\\\/foradlingsodling.se\\\/#website\"},\"primaryImageOfPage\":{\"@id\":\"https:\\\/\\\/foradlingsodling.se\\\/resurser\\\/#primaryimage\"},\"image\":{\"@id\":\"https:\\\/\\\/foradlingsodling.se\\\/resurser\\\/#primaryimage\"},\"thumbnailUrl\":\"https:\\\/\\\/foradlingsodling.se\\\/wp-content\\\/uploads\\\/2022\\\/09\\\/bo\u0308cker-landscape.jpeg\",\"datePublished\":\"2022-09-30T08:30:58+00:00\",\"dateModified\":\"2024-01-17T10:23:32+00:00\",\"description\":\"Resurser f\u00f6r mj\u00f6lksyrning, boktips och l\u00e4nkar till f\u00f6rs\u00e4ljare av redskap.\",\"breadcrumb\":{\"@id\":\"https:\\\/\\\/foradlingsodling.se\\\/resurser\\\/#breadcrumb\"},\"inLanguage\":\"sv-SE\",\"potentialAction\":[{\"@type\":\"ReadAction\",\"target\":[\"https:\\\/\\\/foradlingsodling.se\\\/resurser\\\/\"]}]},{\"@type\":\"ImageObject\",\"inLanguage\":\"sv-SE\",\"@id\":\"https:\\\/\\\/foradlingsodling.se\\\/resurser\\\/#primaryimage\",\"url\":\"https:\\\/\\\/foradlingsodling.se\\\/wp-content\\\/uploads\\\/2022\\\/09\\\/bo\u0308cker-landscape.jpeg\",\"contentUrl\":\"https:\\\/\\\/foradlingsodling.se\\\/wp-content\\\/uploads\\\/2022\\\/09\\\/bo\u0308cker-landscape.jpeg\",\"width\":2048,\"height\":1368},{\"@type\":\"BreadcrumbList\",\"@id\":\"https:\\\/\\\/foradlingsodling.se\\\/resurser\\\/#breadcrumb\",\"itemListElement\":[{\"@type\":\"ListItem\",\"position\":1,\"name\":\"Hem\",\"item\":\"https:\\\/\\\/foradlingsodling.se\\\/\"},{\"@type\":\"ListItem\",\"position\":2,\"name\":\"Resurser\"}]},{\"@type\":\"WebSite\",\"@id\":\"https:\\\/\\\/foradlingsodling.se\\\/#website\",\"url\":\"https:\\\/\\\/foradlingsodling.se\\\/\",\"name\":\"F\u00f6r\u00e4dlingsodling\",\"description\":\"\",\"potentialAction\":[{\"@type\":\"SearchAction\",\"target\":{\"@type\":\"EntryPoint\",\"urlTemplate\":\"https:\\\/\\\/foradlingsodling.se\\\/?s={search_term_string}\"},\"query-input\":{\"@type\":\"PropertyValueSpecification\",\"valueRequired\":true,\"valueName\":\"search_term_string\"}}],\"inLanguage\":\"sv-SE\"}]}<\/script>\n<!-- \/ Yoast SEO plugin. -->","yoast_head_json":{"title":"Resurser &#8226; F\u00f6r\u00e4dlingsodling","description":"Resurser f\u00f6r mj\u00f6lksyrning, boktips och l\u00e4nkar till f\u00f6rs\u00e4ljare av redskap.","robots":{"index":"index","follow":"follow","max-snippet":"max-snippet:-1","max-image-preview":"max-image-preview:large","max-video-preview":"max-video-preview:-1"},"canonical":"https:\/\/foradlingsodling.se\/resurser\/","og_locale":"sv_SE","og_type":"article","og_title":"Resurser &#8226; F\u00f6r\u00e4dlingsodling","og_description":"Resurser f\u00f6r mj\u00f6lksyrning, boktips och l\u00e4nkar till f\u00f6rs\u00e4ljare av redskap.","og_url":"https:\/\/foradlingsodling.se\/resurser\/","og_site_name":"F\u00f6r\u00e4dlingsodling","article_modified_time":"2024-01-17T10:23:32+00:00","og_image":[{"width":2048,"height":1368,"url":"https:\/\/foradlingsodling.se\/wp-content\/uploads\/2022\/09\/bo\u0308cker-landscape.jpeg","type":"image\/jpeg"}],"twitter_card":"summary_large_image","twitter_misc":{"Ber\u00e4knad l\u00e4stid":"5 minuter"},"schema":{"@context":"https:\/\/schema.org","@graph":[{"@type":"WebPage","@id":"https:\/\/foradlingsodling.se\/resurser\/","url":"https:\/\/foradlingsodling.se\/resurser\/","name":"Resurser &#8226; F\u00f6r\u00e4dlingsodling","isPartOf":{"@id":"https:\/\/foradlingsodling.se\/#website"},"primaryImageOfPage":{"@id":"https:\/\/foradlingsodling.se\/resurser\/#primaryimage"},"image":{"@id":"https:\/\/foradlingsodling.se\/resurser\/#primaryimage"},"thumbnailUrl":"https:\/\/foradlingsodling.se\/wp-content\/uploads\/2022\/09\/bo\u0308cker-landscape.jpeg","datePublished":"2022-09-30T08:30:58+00:00","dateModified":"2024-01-17T10:23:32+00:00","description":"Resurser f\u00f6r mj\u00f6lksyrning, boktips och l\u00e4nkar till f\u00f6rs\u00e4ljare av redskap.","breadcrumb":{"@id":"https:\/\/foradlingsodling.se\/resurser\/#breadcrumb"},"inLanguage":"sv-SE","potentialAction":[{"@type":"ReadAction","target":["https:\/\/foradlingsodling.se\/resurser\/"]}]},{"@type":"ImageObject","inLanguage":"sv-SE","@id":"https:\/\/foradlingsodling.se\/resurser\/#primaryimage","url":"https:\/\/foradlingsodling.se\/wp-content\/uploads\/2022\/09\/bo\u0308cker-landscape.jpeg","contentUrl":"https:\/\/foradlingsodling.se\/wp-content\/uploads\/2022\/09\/bo\u0308cker-landscape.jpeg","width":2048,"height":1368},{"@type":"BreadcrumbList","@id":"https:\/\/foradlingsodling.se\/resurser\/#breadcrumb","itemListElement":[{"@type":"ListItem","position":1,"name":"Hem","item":"https:\/\/foradlingsodling.se\/"},{"@type":"ListItem","position":2,"name":"Resurser"}]},{"@type":"WebSite","@id":"https:\/\/foradlingsodling.se\/#website","url":"https:\/\/foradlingsodling.se\/","name":"F\u00f6r\u00e4dlingsodling","description":"","potentialAction":[{"@type":"SearchAction","target":{"@type":"EntryPoint","urlTemplate":"https:\/\/foradlingsodling.se\/?s={search_term_string}"},"query-input":{"@type":"PropertyValueSpecification","valueRequired":true,"valueName":"search_term_string"}}],"inLanguage":"sv-SE"}]}},"_links":{"self":[{"href":"https:\/\/foradlingsodling.se\/sv\/wp-json\/wp\/v2\/pages\/708","targetHints":{"allow":["GET"]}}],"collection":[{"href":"https:\/\/foradlingsodling.se\/sv\/wp-json\/wp\/v2\/pages"}],"about":[{"href":"https:\/\/foradlingsodling.se\/sv\/wp-json\/wp\/v2\/types\/page"}],"author":[{"embeddable":true,"href":"https:\/\/foradlingsodling.se\/sv\/wp-json\/wp\/v2\/users\/1"}],"replies":[{"embeddable":true,"href":"https:\/\/foradlingsodling.se\/sv\/wp-json\/wp\/v2\/comments?post=708"}],"version-history":[{"count":26,"href":"https:\/\/foradlingsodling.se\/sv\/wp-json\/wp\/v2\/pages\/708\/revisions"}],"predecessor-version":[{"id":1861,"href":"https:\/\/foradlingsodling.se\/sv\/wp-json\/wp\/v2\/pages\/708\/revisions\/1861"}],"wp:featuredmedia":[{"embeddable":true,"href":"https:\/\/foradlingsodling.se\/sv\/wp-json\/wp\/v2\/media\/710"}],"wp:attachment":[{"href":"https:\/\/foradlingsodling.se\/sv\/wp-json\/wp\/v2\/media?parent=708"}],"curies":[{"name":"wp","href":"https:\/\/api.w.org\/{rel}","templated":true}]}}