{"id":1134,"date":"2023-01-12T13:45:40","date_gmt":"2023-01-12T12:45:40","guid":{"rendered":"https:\/\/foradlingsodling.se\/?page_id=1134"},"modified":"2023-01-12T13:45:40","modified_gmt":"2023-01-12T12:45:40","slug":"foradlingsodling-presentation","status":"publish","type":"page","link":"https:\/\/foradlingsodling.se\/sv\/foradlingsodling-presentation\/","title":{"rendered":"F\u00f6r\u00e4dlingsodling Presentation"},"content":{"rendered":"\n<div data-wp-interactive=\"core\/file\" class=\"wp-block-file\"><object data-wp-bind--hidden=\"!state.hasPdfPreview\" hidden class=\"wp-block-file__embed\" data=\"https:\/\/foradlingsodling.se\/wp-content\/uploads\/2023\/01\/infodagar-powerpoint.pdf\" type=\"application\/pdf\" style=\"width:100%;height:600px\" aria-label=\"Inb\u00e4ddning av infodagar-powerpoint.\"><\/object><a id=\"wp-block-file--media-de23810d-f00b-4e15-8226-e33e9e28ad56\" href=\"https:\/\/foradlingsodling.se\/wp-content\/uploads\/2023\/01\/infodagar-powerpoint.pdf\">infodagar-powerpoint<\/a><a href=\"https:\/\/foradlingsodling.se\/wp-content\/uploads\/2023\/01\/infodagar-powerpoint.pdf\" class=\"wp-block-file__button wp-element-button\" download aria-describedby=\"wp-block-file--media-de23810d-f00b-4e15-8226-e33e9e28ad56\">Ladda ner<\/a><\/div>\n","protected":false},"excerpt":{"rendered":"","protected":false},"author":1,"featured_media":701,"parent":0,"menu_order":0,"comment_status":"closed","ping_status":"closed","template":"","meta":{"_acf_changed":false,"footnotes":""},"class_list":["post-1134","page","type-page","status-publish","has-post-thumbnail","hentry"],"acf":[],"yoast_head":"<!-- This site is optimized with the Yoast SEO plugin v27.4 - https:\/\/yoast.com\/product\/yoast-seo-wordpress\/ -->\n<title>F\u00f6r\u00e4dlingsodling Presentation &#8226; F\u00f6r\u00e4dlingsodling<\/title>\n<meta name=\"robots\" content=\"index, follow, max-snippet:-1, max-image-preview:large, max-video-preview:-1\" \/>\n<link rel=\"canonical\" href=\"https:\/\/foradlingsodling.se\/foradlingsodling-presentation\/\" \/>\n<meta property=\"og:locale\" content=\"sv_SE\" \/>\n<meta property=\"og:type\" content=\"article\" \/>\n<meta property=\"og:title\" content=\"F\u00f6r\u00e4dlingsodling Presentation &#8226; F\u00f6r\u00e4dlingsodling\" \/>\n<meta property=\"og:url\" content=\"https:\/\/foradlingsodling.se\/foradlingsodling-presentation\/\" \/>\n<meta property=\"og:site_name\" content=\"F\u00f6r\u00e4dlingsodling\" \/>\n<meta property=\"og:image\" content=\"https:\/\/foradlingsodling.se\/wp-content\/uploads\/2022\/09\/kimchigurka-pa\u030a-.jpg\" \/>\n\t<meta property=\"og:image:width\" content=\"1536\" \/>\n\t<meta property=\"og:image:height\" content=\"2048\" \/>\n\t<meta property=\"og:image:type\" content=\"image\/jpeg\" \/>\n<meta name=\"twitter:card\" content=\"summary_large_image\" \/>\n<meta name=\"twitter:label1\" content=\"Ber\u00e4knad l\u00e4stid\" \/>\n\t<meta name=\"twitter:data1\" content=\"1 minut\" \/>\n<script type=\"application\/ld+json\" class=\"yoast-schema-graph\">{\"@context\":\"https:\\\/\\\/schema.org\",\"@graph\":[{\"@type\":\"WebPage\",\"@id\":\"https:\\\/\\\/foradlingsodling.se\\\/foradlingsodling-presentation\\\/\",\"url\":\"https:\\\/\\\/foradlingsodling.se\\\/foradlingsodling-presentation\\\/\",\"name\":\"F\u00f6r\u00e4dlingsodling Presentation &#8226; F\u00f6r\u00e4dlingsodling\",\"isPartOf\":{\"@id\":\"https:\\\/\\\/foradlingsodling.se\\\/#website\"},\"primaryImageOfPage\":{\"@id\":\"https:\\\/\\\/foradlingsodling.se\\\/foradlingsodling-presentation\\\/#primaryimage\"},\"image\":{\"@id\":\"https:\\\/\\\/foradlingsodling.se\\\/foradlingsodling-presentation\\\/#primaryimage\"},\"thumbnailUrl\":\"https:\\\/\\\/foradlingsodling.se\\\/wp-content\\\/uploads\\\/2022\\\/09\\\/kimchigurka-pa\u030a-.jpg\",\"datePublished\":\"2023-01-12T12:45:40+00:00\",\"breadcrumb\":{\"@id\":\"https:\\\/\\\/foradlingsodling.se\\\/foradlingsodling-presentation\\\/#breadcrumb\"},\"inLanguage\":\"sv-SE\",\"potentialAction\":[{\"@type\":\"ReadAction\",\"target\":[\"https:\\\/\\\/foradlingsodling.se\\\/foradlingsodling-presentation\\\/\"]}]},{\"@type\":\"ImageObject\",\"inLanguage\":\"sv-SE\",\"@id\":\"https:\\\/\\\/foradlingsodling.se\\\/foradlingsodling-presentation\\\/#primaryimage\",\"url\":\"https:\\\/\\\/foradlingsodling.se\\\/wp-content\\\/uploads\\\/2022\\\/09\\\/kimchigurka-pa\u030a-.jpg\",\"contentUrl\":\"https:\\\/\\\/foradlingsodling.se\\\/wp-content\\\/uploads\\\/2022\\\/09\\\/kimchigurka-pa\u030a-.jpg\",\"width\":1536,\"height\":2048,\"caption\":\"All-focus\"},{\"@type\":\"BreadcrumbList\",\"@id\":\"https:\\\/\\\/foradlingsodling.se\\\/foradlingsodling-presentation\\\/#breadcrumb\",\"itemListElement\":[{\"@type\":\"ListItem\",\"position\":1,\"name\":\"Hem\",\"item\":\"https:\\\/\\\/foradlingsodling.se\\\/\"},{\"@type\":\"ListItem\",\"position\":2,\"name\":\"F\u00f6r\u00e4dlingsodling Presentation\"}]},{\"@type\":\"WebSite\",\"@id\":\"https:\\\/\\\/foradlingsodling.se\\\/#website\",\"url\":\"https:\\\/\\\/foradlingsodling.se\\\/\",\"name\":\"F\u00f6r\u00e4dlingsodling\",\"description\":\"\",\"potentialAction\":[{\"@type\":\"SearchAction\",\"target\":{\"@type\":\"EntryPoint\",\"urlTemplate\":\"https:\\\/\\\/foradlingsodling.se\\\/?s={search_term_string}\"},\"query-input\":{\"@type\":\"PropertyValueSpecification\",\"valueRequired\":true,\"valueName\":\"search_term_string\"}}],\"inLanguage\":\"sv-SE\"}]}<\/script>\n<!-- \/ Yoast SEO plugin. -->","yoast_head_json":{"title":"F\u00f6r\u00e4dlingsodling Presentation &#8226; F\u00f6r\u00e4dlingsodling","robots":{"index":"index","follow":"follow","max-snippet":"max-snippet:-1","max-image-preview":"max-image-preview:large","max-video-preview":"max-video-preview:-1"},"canonical":"https:\/\/foradlingsodling.se\/foradlingsodling-presentation\/","og_locale":"sv_SE","og_type":"article","og_title":"F\u00f6r\u00e4dlingsodling Presentation &#8226; F\u00f6r\u00e4dlingsodling","og_url":"https:\/\/foradlingsodling.se\/foradlingsodling-presentation\/","og_site_name":"F\u00f6r\u00e4dlingsodling","og_image":[{"width":1536,"height":2048,"url":"https:\/\/foradlingsodling.se\/wp-content\/uploads\/2022\/09\/kimchigurka-pa\u030a-.jpg","type":"image\/jpeg"}],"twitter_card":"summary_large_image","twitter_misc":{"Ber\u00e4knad l\u00e4stid":"1 minut"},"schema":{"@context":"https:\/\/schema.org","@graph":[{"@type":"WebPage","@id":"https:\/\/foradlingsodling.se\/foradlingsodling-presentation\/","url":"https:\/\/foradlingsodling.se\/foradlingsodling-presentation\/","name":"F\u00f6r\u00e4dlingsodling Presentation &#8226; F\u00f6r\u00e4dlingsodling","isPartOf":{"@id":"https:\/\/foradlingsodling.se\/#website"},"primaryImageOfPage":{"@id":"https:\/\/foradlingsodling.se\/foradlingsodling-presentation\/#primaryimage"},"image":{"@id":"https:\/\/foradlingsodling.se\/foradlingsodling-presentation\/#primaryimage"},"thumbnailUrl":"https:\/\/foradlingsodling.se\/wp-content\/uploads\/2022\/09\/kimchigurka-pa\u030a-.jpg","datePublished":"2023-01-12T12:45:40+00:00","breadcrumb":{"@id":"https:\/\/foradlingsodling.se\/foradlingsodling-presentation\/#breadcrumb"},"inLanguage":"sv-SE","potentialAction":[{"@type":"ReadAction","target":["https:\/\/foradlingsodling.se\/foradlingsodling-presentation\/"]}]},{"@type":"ImageObject","inLanguage":"sv-SE","@id":"https:\/\/foradlingsodling.se\/foradlingsodling-presentation\/#primaryimage","url":"https:\/\/foradlingsodling.se\/wp-content\/uploads\/2022\/09\/kimchigurka-pa\u030a-.jpg","contentUrl":"https:\/\/foradlingsodling.se\/wp-content\/uploads\/2022\/09\/kimchigurka-pa\u030a-.jpg","width":1536,"height":2048,"caption":"All-focus"},{"@type":"BreadcrumbList","@id":"https:\/\/foradlingsodling.se\/foradlingsodling-presentation\/#breadcrumb","itemListElement":[{"@type":"ListItem","position":1,"name":"Hem","item":"https:\/\/foradlingsodling.se\/"},{"@type":"ListItem","position":2,"name":"F\u00f6r\u00e4dlingsodling Presentation"}]},{"@type":"WebSite","@id":"https:\/\/foradlingsodling.se\/#website","url":"https:\/\/foradlingsodling.se\/","name":"F\u00f6r\u00e4dlingsodling","description":"","potentialAction":[{"@type":"SearchAction","target":{"@type":"EntryPoint","urlTemplate":"https:\/\/foradlingsodling.se\/?s={search_term_string}"},"query-input":{"@type":"PropertyValueSpecification","valueRequired":true,"valueName":"search_term_string"}}],"inLanguage":"sv-SE"}]}},"_links":{"self":[{"href":"https:\/\/foradlingsodling.se\/sv\/wp-json\/wp\/v2\/pages\/1134","targetHints":{"allow":["GET"]}}],"collection":[{"href":"https:\/\/foradlingsodling.se\/sv\/wp-json\/wp\/v2\/pages"}],"about":[{"href":"https:\/\/foradlingsodling.se\/sv\/wp-json\/wp\/v2\/types\/page"}],"author":[{"embeddable":true,"href":"https:\/\/foradlingsodling.se\/sv\/wp-json\/wp\/v2\/users\/1"}],"replies":[{"embeddable":true,"href":"https:\/\/foradlingsodling.se\/sv\/wp-json\/wp\/v2\/comments?post=1134"}],"version-history":[{"count":1,"href":"https:\/\/foradlingsodling.se\/sv\/wp-json\/wp\/v2\/pages\/1134\/revisions"}],"predecessor-version":[{"id":1136,"href":"https:\/\/foradlingsodling.se\/sv\/wp-json\/wp\/v2\/pages\/1134\/revisions\/1136"}],"wp:featuredmedia":[{"embeddable":true,"href":"https:\/\/foradlingsodling.se\/sv\/wp-json\/wp\/v2\/media\/701"}],"wp:attachment":[{"href":"https:\/\/foradlingsodling.se\/sv\/wp-json\/wp\/v2\/media?parent=1134"}],"curies":[{"name":"wp","href":"https:\/\/api.w.org\/{rel}","templated":true}]}}