{"id":1129,"date":"2023-01-11T13:00:44","date_gmt":"2023-01-11T12:00:44","guid":{"rendered":"https:\/\/foradlingsodling.se\/?page_id=1129"},"modified":"2023-06-30T13:57:26","modified_gmt":"2023-06-30T11:57:26","slug":"heldagskursarna","status":"publish","type":"page","link":"https:\/\/foradlingsodling.se\/sv\/heldagskursarna\/","title":{"rendered":"Heldagskursarna"},"content":{"rendered":"\n<p><br>Under 2021 och 2022 h\u00f6ll vi 5 heldags workshops i mj\u00f6lksyrning. M\u00e5lgruppen var sm\u00e5skalig yrkesodlare och storskalig hobbyodlare. Syftet var att l\u00e4ra ut mj\u00f6lksyrning som \u00e4r anpassad till odlingss\u00e4songen. B\u00e5de med tanke p\u00e5 tillg\u00e5ng till gr\u00f6nsaker men \u00e4ven arbetsinsatser som \u00e4r rimliga inom ett s\u00e5dant verksamhet.  Dagarna \u00e4gde rum runt om i landet. Deltagarna fick \u00e4ven peer-to-peer coachning som ett s\u00e4tt att f\u00f6rankra det som l\u00e4rdes ut i deras enskilda verksamheter. Coachning ledes av Emilia Rekestad<\/p>\n\n\n\n<h2 class=\"wp-block-heading\">Stj\u00e4rnsund<\/h2>\n\n\n\n<p>F\u00f6rsta kurstillf\u00e4llen var p\u00e5 <a href=\"https:\/\/xn--stjrnsund-x2a.nu\/\">Stj\u00e4rnsund Permakultur<\/a>, Dalarna i Juni 2021 &#8211; det var dessutom precis d\u00e5 det blev ens t\u00e4nkbart att tr\u00e4ffa fysiskt, n\u00e4r pandemi-restriktionerna b\u00f6rjade lossna &#8211; vilken n\u00f6ja det var att f\u00e5 umg\u00e5s med folk igen!<\/p>\n\n\n\n<div class=\"wp-block-columns is-layout-flex wp-container-core-columns-is-layout-9d6595d7 wp-block-columns-is-layout-flex\">\n<div class=\"wp-block-column is-layout-flow wp-block-column-is-layout-flow\">\n<figure class=\"wp-block-image size-large\"><img loading=\"lazy\" decoding=\"async\" width=\"1403\" height=\"2100\" src=\"https:\/\/foradlingsodling.se\/wp-content\/uploads\/2022\/05\/Saraidah-Joakim-1403x2100.jpeg\" alt=\"\" class=\"wp-image-526\"\/><\/figure>\n<\/div>\n\n\n\n<div class=\"wp-block-column is-layout-flow wp-block-column-is-layout-flow\">\n<figure class=\"wp-block-image size-large\"><img loading=\"lazy\" decoding=\"async\" width=\"1403\" height=\"2100\" src=\"https:\/\/foradlingsodling.se\/wp-content\/uploads\/2022\/05\/Daniel-Ka\u030aks-1403x2100.jpeg\" alt=\"\" class=\"wp-image-527\"\/><\/figure>\n<\/div>\n\n\n\n<div class=\"wp-block-column is-layout-flow wp-block-column-is-layout-flow\">\n<figure class=\"wp-block-image size-large\"><img loading=\"lazy\" decoding=\"async\" width=\"1403\" height=\"2100\" src=\"https:\/\/foradlingsodling.se\/wp-content\/uploads\/2022\/05\/Johanna3-1403x2100.jpeg\" alt=\"\" class=\"wp-image-528\"\/><\/figure>\n<\/div>\n<\/div>\n\n\n<div class=\"wp-block-image\">\n<figure class=\"aligncenter size-full\"><img loading=\"lazy\" decoding=\"async\" width=\"2048\" height=\"1368\" src=\"https:\/\/foradlingsodling.se\/wp-content\/uploads\/2022\/05\/DSC09171.jpg\" alt=\"\" class=\"wp-image-571\"\/><figcaption class=\"wp-element-caption\">Stj\u00e4rnsund, Dalarna<\/figcaption><\/figure>\n<\/div>\n\n\n<h2 class=\"wp-block-heading\">Demonstrationsdag Stj\u00e4rnsund<\/h2>\n\n\n\n<p>I samband med f\u00f6rsta kursdagen h\u00f6ll jag och Annevi Sj\u00f6berg i en demonstrations dag p\u00e5 tema mj\u00f6lksyrning med perenna och vilda v\u00e4xter. Inf\u00f6r dagen hade jag gjort m\u00e5nga nya f\u00f6rs\u00f6k och uppt\u00e4ckte bland annat mj\u00f6lksyrade \u00e4ngsyra, pipl\u00f6ksblommor och krusb\u00e4r &#8211; helt klart att rekommenderas! Vi smakade, samlade och skapade.<\/p>\n\n\n<div class=\"wp-block-image\">\n<figure class=\"aligncenter size-large is-resized\"><img loading=\"lazy\" decoding=\"async\" src=\"https:\/\/foradlingsodling.se\/wp-content\/uploads\/2022\/05\/samle-2100x1403.jpg\" alt=\"\" class=\"wp-image-532\" width=\"669\" height=\"446\"\/><\/figure>\n<\/div>\n\n\n<div class=\"wp-block-columns is-layout-flex wp-container-core-columns-is-layout-9d6595d7 wp-block-columns-is-layout-flex\">\n<div class=\"wp-block-column is-layout-flow wp-block-column-is-layout-flow\" style=\"flex-basis:66.66%\">\n<figure class=\"wp-block-image size-large\"><img loading=\"lazy\" decoding=\"async\" width=\"2100\" height=\"1403\" src=\"https:\/\/foradlingsodling.se\/wp-content\/uploads\/2022\/05\/AB2-2100x1403.jpg\" alt=\"\" class=\"wp-image-531\"\/><\/figure>\n<\/div>\n\n\n\n<div class=\"wp-block-column is-layout-flow wp-block-column-is-layout-flow\" style=\"flex-basis:33.33%\">\n<figure class=\"wp-block-image size-large\"><img loading=\"lazy\" decoding=\"async\" width=\"768\" height=\"1024\" src=\"https:\/\/foradlingsodling.se\/wp-content\/uploads\/2022\/05\/viltsurka\u030al-768x1024.jpg\" alt=\"\" class=\"wp-image-534\"\/><figcaption class=\"wp-element-caption\">Bildkredit Maria Paz Ojeda <\/figcaption><\/figure>\n<\/div>\n<\/div>\n\n\n\n<figure class=\"wp-block-image size-full\"><img loading=\"lazy\" decoding=\"async\" width=\"2560\" height=\"1710\" src=\"https:\/\/foradlingsodling.se\/wp-content\/uploads\/2022\/05\/group-scaled.jpg\" alt=\"\" class=\"wp-image-533\"\/><figcaption class=\"wp-element-caption\">Stj\u00e4rnsund, Dalarna<\/figcaption><\/figure>\n\n\n\n<h2 class=\"wp-block-heading\">Hela Jorden, Kungs\u00e4ngen, Stockholm<\/h2>\n\n\n\n<p>I slutet av augusti 2021 h\u00f6ll vi workshopen p\u00e5 <a href=\"http:\/\/www.helajorden.nu\/\">Hela Jorden<\/a>, \u00d6r\u00e5kers G\u00e5rd, Kungs\u00e4ngen, en nystartad stadsn\u00e4ra andelsodling utanf\u00f6r Stockholm d\u00e4r vi fick vista i den vackra Ladan som \u00e4r \u00e4ven import imperium f\u00f6r bokashi. All gr\u00f6nsaker f\u00f6r dagens syrningarna kom fr\u00e5n Hela Jordens odlingarna och det stora utbudet av gr\u00f6nsaker bjud in till experiment.  <\/p>\n\n\n\n<figure class=\"wp-block-image size-large\"><img decoding=\"async\" src=\"https:\/\/foradlingsodling.se\/wp-content\/uploads\/2022\/05\/DSC09609-1024x684.jpg\" alt=\"\" class=\"wp-image-535\"\/><\/figure>\n\n\n\n<div class=\"wp-block-columns is-layout-flex wp-container-core-columns-is-layout-9d6595d7 wp-block-columns-is-layout-flex\">\n<div class=\"wp-block-column is-layout-flow wp-block-column-is-layout-flow\">\n<figure class=\"wp-block-image size-large\"><img loading=\"lazy\" decoding=\"async\" width=\"1403\" height=\"2100\" src=\"https:\/\/foradlingsodling.se\/wp-content\/uploads\/2022\/05\/veg-1403x2100.jpg\" alt=\"\" class=\"wp-image-536\"\/><\/figure>\n<\/div>\n\n\n\n<div class=\"wp-block-column is-layout-flow wp-block-column-is-layout-flow\">\n<figure class=\"wp-block-image size-large\"><img loading=\"lazy\" decoding=\"async\" width=\"1403\" height=\"2100\" src=\"https:\/\/foradlingsodling.se\/wp-content\/uploads\/2022\/05\/doing-1403x2100.jpg\" alt=\"\" class=\"wp-image-537\"\/><\/figure>\n<\/div>\n<\/div>\n\n\n\n<figure class=\"wp-block-image size-full\"><img loading=\"lazy\" decoding=\"async\" width=\"2048\" height=\"1366\" src=\"https:\/\/foradlingsodling.se\/wp-content\/uploads\/2022\/05\/grupp-scaled.jpg\" alt=\"\" class=\"wp-image-538\"\/><figcaption class=\"wp-element-caption\">LADAN, \u00d6r\u00e5kers G\u00e5rd, Stockholm<\/figcaption><\/figure>\n\n\n\n<h2 class=\"wp-block-heading\">Hornuddens Tr\u00e4dg\u00e5rd<\/h2>\n\n\n\n<p>Sent p\u00e5 h\u00f6sten, n\u00e4r odlingss\u00e4songen gick mot sin slut tog vi oss till <a href=\"https:\/\/hornudden.net\/\">Hornuddens Tr\u00e4dg\u00e5rd<\/a>, Str\u00e4ngn\u00e4s d\u00e4r vinter gr\u00f6nsakarna fick kliva fram i burkarna, en del surk\u00e5l blev det! Mandolin var en stor hitt, det g\u00e4ller bara att hitta teknik. Morot, purjo, vitk\u00e5l, chili och ingef\u00e4ra \u00e4r definitivt en kombination jag kommer att l\u00e5na i framtiden. Karin och Mats som driver verksamheten bjud p\u00e5 underbar mj\u00f6lksyrade tomatpasta och visade upp deras gedigen keramik mj\u00f6lksyrningskrus som har varit i bruk d\u00e4r i \u00e5ratal.<\/p>\n\n\n\n<figure class=\"wp-block-image size-large\"><img loading=\"lazy\" decoding=\"async\" width=\"2100\" height=\"1403\" src=\"https:\/\/foradlingsodling.se\/wp-content\/uploads\/2022\/05\/DSC00328-2100x1403.jpg\" alt=\"\" class=\"wp-image-540\"\/><\/figure>\n\n\n\n<figure class=\"wp-block-image size-large\"><img loading=\"lazy\" decoding=\"async\" width=\"2100\" height=\"1403\" src=\"https:\/\/foradlingsodling.se\/wp-content\/uploads\/2022\/05\/DSC00611-2100x1403.jpg\" alt=\"\" class=\"wp-image-541\"\/><\/figure>\n\n\n\n<div class=\"wp-block-columns is-layout-flex wp-container-core-columns-is-layout-9d6595d7 wp-block-columns-is-layout-flex\">\n<div class=\"wp-block-column is-layout-flow wp-block-column-is-layout-flow\">\n<figure class=\"wp-block-image size-large\"><img loading=\"lazy\" decoding=\"async\" width=\"1403\" height=\"2100\" src=\"https:\/\/foradlingsodling.se\/wp-content\/uploads\/2022\/05\/DSC00893-1403x2100.jpg\" alt=\"\" class=\"wp-image-522\"\/><\/figure>\n<\/div>\n\n\n\n<div class=\"wp-block-column is-layout-flow wp-block-column-is-layout-flow\">\n<figure class=\"wp-block-image size-large\"><img loading=\"lazy\" decoding=\"async\" width=\"1403\" height=\"2100\" src=\"https:\/\/foradlingsodling.se\/wp-content\/uploads\/2022\/05\/DSC00894-1403x2100.jpg\" alt=\"\" class=\"wp-image-523\"\/><\/figure>\n<\/div>\n\n\n\n<div class=\"wp-block-column is-layout-flow wp-block-column-is-layout-flow\">\n<figure class=\"wp-block-image size-large\"><img loading=\"lazy\" decoding=\"async\" width=\"1403\" height=\"2100\" src=\"https:\/\/foradlingsodling.se\/wp-content\/uploads\/2022\/05\/DSC00888-1403x2100.jpg\" alt=\"\" class=\"wp-image-521\"\/><\/figure>\n<\/div>\n<\/div>\n\n\n\n<figure class=\"wp-block-image size-large\"><img loading=\"lazy\" decoding=\"async\" width=\"2100\" height=\"1403\" src=\"https:\/\/foradlingsodling.se\/wp-content\/uploads\/2022\/05\/DSC00842-2100x1403.jpg\" alt=\"\" class=\"wp-image-524\"\/><\/figure>\n\n\n\n<figure class=\"wp-block-image size-full\"><img loading=\"lazy\" decoding=\"async\" width=\"2048\" height=\"1366\" src=\"https:\/\/foradlingsodling.se\/wp-content\/uploads\/2022\/05\/IMG_1975-scaled.jpg\" alt=\"\" class=\"wp-image-542\"\/><figcaption class=\"wp-element-caption\">Hornudden Tr\u00e4dg\u00e5rd<\/figcaption><\/figure>\n\n\n\n<h2 class=\"wp-block-heading\">Wij Tr\u00e4dg\u00e5rdar<\/h2>\n\n\n\n<p>I slutet av november blev det en heldag i den h\u00e4rliga herrg\u00e5rds milj\u00f6 av <a href=\"https:\/\/www.wij.se\/\">Wij Tr\u00e4dg\u00e5rder<\/a>, Ockelbo. Deltagare tog sig \u00e4nda fr\u00e5n Sundsvall, H\u00e4lsingland och S\u00f6derhamn, samt Ockelbo s\u00e5 klart!<br>Det blev samtal om omst\u00e4llning, om h\u00f6gar med pumpa och att f\u00f6r\u00e4dla tillsammans f\u00f6r att gynna lokalsamh\u00e4llet. En underbar hotellfrukost blev det ocks\u00e5 f\u00f6r teamet (mig, Emilia och fotografen Tetsuhiro).<\/p>\n\n\n\n<div class=\"wp-block-columns is-layout-flex wp-container-core-columns-is-layout-9d6595d7 wp-block-columns-is-layout-flex\">\n<div class=\"wp-block-column is-layout-flow wp-block-column-is-layout-flow\">\n<figure class=\"wp-block-image size-large\"><img loading=\"lazy\" decoding=\"async\" width=\"1402\" height=\"2100\" src=\"https:\/\/foradlingsodling.se\/wp-content\/uploads\/2022\/05\/1-1402x2100.jpg\" alt=\"\" class=\"wp-image-543\"\/><\/figure>\n<\/div>\n\n\n\n<div class=\"wp-block-column is-layout-flow wp-block-column-is-layout-flow\">\n<figure class=\"wp-block-image size-large\"><img loading=\"lazy\" decoding=\"async\" width=\"1403\" height=\"2100\" src=\"https:\/\/foradlingsodling.se\/wp-content\/uploads\/2022\/05\/2-1403x2100.jpg\" alt=\"\" class=\"wp-image-544\"\/><\/figure>\n<\/div>\n\n\n\n<div class=\"wp-block-column is-layout-flow wp-block-column-is-layout-flow\">\n<figure class=\"wp-block-image size-large\"><img loading=\"lazy\" decoding=\"async\" width=\"1403\" height=\"2100\" src=\"https:\/\/foradlingsodling.se\/wp-content\/uploads\/2022\/05\/3-1403x2100.jpg\" alt=\"\" class=\"wp-image-545\"\/><\/figure>\n<\/div>\n<\/div>\n\n\n<div class=\"wp-block-image\">\n<figure class=\"aligncenter size-large is-resized\"><img loading=\"lazy\" decoding=\"async\" src=\"https:\/\/foradlingsodling.se\/wp-content\/uploads\/2022\/05\/4-2100x1403.jpg\" alt=\"\" class=\"wp-image-546\" width=\"505\" height=\"337\"\/><\/figure>\n<\/div>\n\n\n<figure class=\"wp-block-image size-large\"><img loading=\"lazy\" decoding=\"async\" width=\"2100\" height=\"1402\" src=\"https:\/\/foradlingsodling.se\/wp-content\/uploads\/2022\/05\/klapp-2100x1402.jpg\" alt=\"\" class=\"wp-image-553\"\/><\/figure>\n\n\n\n<figure class=\"wp-block-image size-full\"><img loading=\"lazy\" decoding=\"async\" width=\"2048\" height=\"1366\" src=\"https:\/\/foradlingsodling.se\/wp-content\/uploads\/2022\/05\/7-scaled.jpg\" alt=\"\" class=\"wp-image-549\"\/><figcaption class=\"wp-element-caption\">Wij Tr\u00e4dg\u00e5rdar, Ockelbo<\/figcaption><\/figure>\n\n\n\n<h2 class=\"wp-block-heading\">Bossg\u00e5rden, Tidaholm<\/h2>\n\n\n\n<p>V\u00e5ren 2022! Den sista workshop dag blev till p\u00e5 <a href=\"https:\/\/www.bossgarden.se\/\">Bossg\u00e5rden<\/a>, Tidaholm. Gamla stallet som har riggats som krog blev till en st\u00e4mningsfull kurslokal. Det blev en stj\u00e4rnsp\u00e4ckat deltagarelista med hela f\u00f6rfattarteamet bakom boken  <a href=\"https:\/\/www.bokus.com\/bok\/9789151988658\/odla-till-forsaljning-vara-basta-gronsaker\/\">Odla till f\u00f6rs\u00e4ljning (del 2)<\/a> n\u00e4rvarande! Vi blev serverad en god och v\u00e4rmande borscht soppa &#8211; gjort p\u00e5 mj\u00f6lksyrade gr\u00f6nsaker s\u00e5 klart &#8211; och till mj\u00f6lksyrningen fick vi anv\u00e4nda oss av fina biodynamiska gr\u00f6nsaker odlade p\u00e5 g\u00e5rden.<\/p>\n\n\n\n<div class=\"wp-block-columns is-layout-flex wp-container-core-columns-is-layout-9d6595d7 wp-block-columns-is-layout-flex\">\n<div class=\"wp-block-column is-layout-flow wp-block-column-is-layout-flow\">\n<figure class=\"wp-block-image size-large\"><img loading=\"lazy\" decoding=\"async\" width=\"2100\" height=\"1403\" src=\"https:\/\/foradlingsodling.se\/wp-content\/uploads\/2022\/05\/DSC02635-2100x1403.jpg\" alt=\"\" class=\"wp-image-558\"\/><\/figure>\n<\/div>\n\n\n\n<div class=\"wp-block-column is-layout-flow wp-block-column-is-layout-flow\">\n<figure class=\"wp-block-image size-large\"><img loading=\"lazy\" decoding=\"async\" width=\"2100\" height=\"1403\" src=\"https:\/\/foradlingsodling.se\/wp-content\/uploads\/2022\/05\/DSC03058-2100x1403.jpg\" alt=\"\" class=\"wp-image-559\"\/><\/figure>\n<\/div>\n<\/div>\n\n\n\n<figure class=\"wp-block-image size-full\"><img loading=\"lazy\" decoding=\"async\" width=\"2048\" height=\"1416\" src=\"https:\/\/foradlingsodling.se\/wp-content\/uploads\/2022\/05\/IMG_2254.jpg\" alt=\"\" class=\"wp-image-560\"\/><figcaption class=\"wp-element-caption\">Bossg\u00e5rdens gr\u00f6nsaker, Tidaholm<\/figcaption><\/figure>\n\n\n\n<h2 class=\"wp-block-heading\">Skilleby Tr\u00e4dg\u00e5rd, J\u00e4rna september 2022<\/h2>\n\n\n\n<p>P\u00e5 Skilleby Tr\u00e4dg\u00e5rd fick deltagarna utg\u00e5 ifr\u00e5n odlingens rike &#8211; det blev bland annat chilis\u00e5s, mj\u00f6lksyrade gr\u00f6na tomater och diverse rotfrukter. M\u00e5nga av deltagare var mitt i att utbildar sig till gr\u00f6nsaksodlare och intresset var stort f\u00f6r att l\u00e4ra sig om denna ur\u00e5ldrig f\u00f6r\u00e4dlingsteknik.<\/p>\n\n\n\n<figure class=\"wp-block-image size-full\"><img loading=\"lazy\" decoding=\"async\" width=\"2048\" height=\"1368\" src=\"https:\/\/foradlingsodling.se\/wp-content\/uploads\/2022\/09\/DSC03348.jpg\" alt=\"\" class=\"wp-image-753\"\/><\/figure>\n\n\n\n<div class=\"wp-block-columns is-layout-flex wp-container-core-columns-is-layout-9d6595d7 wp-block-columns-is-layout-flex\">\n<div class=\"wp-block-column is-layout-flow wp-block-column-is-layout-flow\">\n<figure class=\"wp-block-image size-full\"><img loading=\"lazy\" decoding=\"async\" width=\"1142\" height=\"1710\" src=\"https:\/\/foradlingsodling.se\/wp-content\/uploads\/2022\/09\/DSC03432.jpg\" alt=\"\" class=\"wp-image-758\"\/><\/figure>\n<\/div>\n\n\n\n<div class=\"wp-block-column is-layout-flow wp-block-column-is-layout-flow\">\n<figure class=\"wp-block-image size-full\"><img loading=\"lazy\" decoding=\"async\" width=\"1142\" height=\"1710\" src=\"https:\/\/foradlingsodling.se\/wp-content\/uploads\/2022\/09\/DSC03612.jpg\" alt=\"\" class=\"wp-image-755\"\/><\/figure>\n<\/div>\n\n\n\n<div class=\"wp-block-column is-layout-flow wp-block-column-is-layout-flow\">\n<figure class=\"wp-block-image size-full\"><img loading=\"lazy\" decoding=\"async\" width=\"1142\" height=\"1710\" src=\"https:\/\/foradlingsodling.se\/wp-content\/uploads\/2022\/09\/DSC03629.jpg\" alt=\"\" class=\"wp-image-756\"\/><\/figure>\n<\/div>\n<\/div>\n\n\n\n<figure class=\"wp-block-image size-full\"><img loading=\"lazy\" decoding=\"async\" width=\"2048\" height=\"1366\" src=\"https:\/\/foradlingsodling.se\/wp-content\/uploads\/2022\/09\/IMG_2473.jpg\" alt=\"\" class=\"wp-image-757\"\/><\/figure>\n","protected":false},"excerpt":{"rendered":"<p>Under 2021 och 2022 h\u00f6ll vi 5 heldags workshops i mj\u00f6lksyrning. M\u00e5lgruppen var sm\u00e5skalig yrkesodlare och storskalig hobbyodlare. Syftet var att l\u00e4ra ut mj\u00f6lksyrning som \u00e4r anpassad till odlingss\u00e4songen. B\u00e5de med tanke p\u00e5 tillg\u00e5ng till gr\u00f6nsaker men \u00e4ven arbetsinsatser som \u00e4r rimliga inom ett s\u00e5dant verksamhet. Dagarna \u00e4gde rum runt om i landet. Deltagarna fick &hellip; <\/p>\n<p class=\"link-more\"><a href=\"https:\/\/foradlingsodling.se\/sv\/heldagskursarna\/\" class=\"more-link\">Forts\u00e4tt l\u00e4sa<span class=\"screen-reader-text\"> \u201dHeldagskursarna\u201d<\/span><\/a><\/p>\n","protected":false},"author":1,"featured_media":1099,"parent":0,"menu_order":0,"comment_status":"closed","ping_status":"closed","template":"","meta":{"_acf_changed":false,"footnotes":""},"class_list":["post-1129","page","type-page","status-publish","has-post-thumbnail","hentry"],"acf":[],"yoast_head":"<!-- This site is optimized with the Yoast SEO plugin v27.4 - https:\/\/yoast.com\/product\/yoast-seo-wordpress\/ -->\n<title>Heldagskursarna &#8226; F\u00f6r\u00e4dlingsodling<\/title>\n<meta name=\"robots\" content=\"index, follow, max-snippet:-1, max-image-preview:large, max-video-preview:-1\" \/>\n<link rel=\"canonical\" href=\"https:\/\/foradlingsodling.se\/heldagskursarna\/\" \/>\n<meta property=\"og:locale\" content=\"sv_SE\" \/>\n<meta property=\"og:type\" content=\"article\" \/>\n<meta property=\"og:title\" content=\"Heldagskursarna &#8226; F\u00f6r\u00e4dlingsodling\" \/>\n<meta property=\"og:description\" content=\"Under 2021 och 2022 h\u00f6ll vi 5 heldags workshops i mj\u00f6lksyrning. M\u00e5lgruppen var sm\u00e5skalig yrkesodlare och storskalig hobbyodlare. Syftet var att l\u00e4ra ut mj\u00f6lksyrning som \u00e4r anpassad till odlingss\u00e4songen. B\u00e5de med tanke p\u00e5 tillg\u00e5ng till gr\u00f6nsaker men \u00e4ven arbetsinsatser som \u00e4r rimliga inom ett s\u00e5dant verksamhet. Dagarna \u00e4gde rum runt om i landet. Deltagarna fick &hellip; Forts\u00e4tt l\u00e4sa \u201dHeldagskursarna\u201d\" \/>\n<meta property=\"og:url\" content=\"https:\/\/foradlingsodling.se\/heldagskursarna\/\" \/>\n<meta property=\"og:site_name\" content=\"F\u00f6r\u00e4dlingsodling\" \/>\n<meta property=\"article:modified_time\" content=\"2023-06-30T11:57:26+00:00\" \/>\n<meta property=\"og:image\" content=\"https:\/\/foradlingsodling.se\/wp-content\/uploads\/2022\/11\/IMG_2256.jpeg\" \/>\n\t<meta property=\"og:image:width\" content=\"2048\" \/>\n\t<meta property=\"og:image:height\" content=\"1365\" \/>\n\t<meta property=\"og:image:type\" content=\"image\/jpeg\" \/>\n<meta name=\"twitter:card\" content=\"summary_large_image\" \/>\n<meta name=\"twitter:label1\" content=\"Ber\u00e4knad l\u00e4stid\" \/>\n\t<meta name=\"twitter:data1\" content=\"10 minuter\" \/>\n<script type=\"application\/ld+json\" class=\"yoast-schema-graph\">{\"@context\":\"https:\\\/\\\/schema.org\",\"@graph\":[{\"@type\":\"WebPage\",\"@id\":\"https:\\\/\\\/foradlingsodling.se\\\/heldagskursarna\\\/\",\"url\":\"https:\\\/\\\/foradlingsodling.se\\\/heldagskursarna\\\/\",\"name\":\"Heldagskursarna &#8226; F\u00f6r\u00e4dlingsodling\",\"isPartOf\":{\"@id\":\"https:\\\/\\\/foradlingsodling.se\\\/#website\"},\"primaryImageOfPage\":{\"@id\":\"https:\\\/\\\/foradlingsodling.se\\\/heldagskursarna\\\/#primaryimage\"},\"image\":{\"@id\":\"https:\\\/\\\/foradlingsodling.se\\\/heldagskursarna\\\/#primaryimage\"},\"thumbnailUrl\":\"https:\\\/\\\/foradlingsodling.se\\\/wp-content\\\/uploads\\\/2022\\\/11\\\/IMG_2256.jpeg\",\"datePublished\":\"2023-01-11T12:00:44+00:00\",\"dateModified\":\"2023-06-30T11:57:26+00:00\",\"breadcrumb\":{\"@id\":\"https:\\\/\\\/foradlingsodling.se\\\/heldagskursarna\\\/#breadcrumb\"},\"inLanguage\":\"sv-SE\",\"potentialAction\":[{\"@type\":\"ReadAction\",\"target\":[\"https:\\\/\\\/foradlingsodling.se\\\/heldagskursarna\\\/\"]}]},{\"@type\":\"ImageObject\",\"inLanguage\":\"sv-SE\",\"@id\":\"https:\\\/\\\/foradlingsodling.se\\\/heldagskursarna\\\/#primaryimage\",\"url\":\"https:\\\/\\\/foradlingsodling.se\\\/wp-content\\\/uploads\\\/2022\\\/11\\\/IMG_2256.jpeg\",\"contentUrl\":\"https:\\\/\\\/foradlingsodling.se\\\/wp-content\\\/uploads\\\/2022\\\/11\\\/IMG_2256.jpeg\",\"width\":2048,\"height\":1365},{\"@type\":\"BreadcrumbList\",\"@id\":\"https:\\\/\\\/foradlingsodling.se\\\/heldagskursarna\\\/#breadcrumb\",\"itemListElement\":[{\"@type\":\"ListItem\",\"position\":1,\"name\":\"Hem\",\"item\":\"https:\\\/\\\/foradlingsodling.se\\\/\"},{\"@type\":\"ListItem\",\"position\":2,\"name\":\"Heldagskursarna\"}]},{\"@type\":\"WebSite\",\"@id\":\"https:\\\/\\\/foradlingsodling.se\\\/#website\",\"url\":\"https:\\\/\\\/foradlingsodling.se\\\/\",\"name\":\"F\u00f6r\u00e4dlingsodling\",\"description\":\"\",\"potentialAction\":[{\"@type\":\"SearchAction\",\"target\":{\"@type\":\"EntryPoint\",\"urlTemplate\":\"https:\\\/\\\/foradlingsodling.se\\\/?s={search_term_string}\"},\"query-input\":{\"@type\":\"PropertyValueSpecification\",\"valueRequired\":true,\"valueName\":\"search_term_string\"}}],\"inLanguage\":\"sv-SE\"}]}<\/script>\n<!-- \/ Yoast SEO plugin. -->","yoast_head_json":{"title":"Heldagskursarna &#8226; F\u00f6r\u00e4dlingsodling","robots":{"index":"index","follow":"follow","max-snippet":"max-snippet:-1","max-image-preview":"max-image-preview:large","max-video-preview":"max-video-preview:-1"},"canonical":"https:\/\/foradlingsodling.se\/heldagskursarna\/","og_locale":"sv_SE","og_type":"article","og_title":"Heldagskursarna &#8226; F\u00f6r\u00e4dlingsodling","og_description":"Under 2021 och 2022 h\u00f6ll vi 5 heldags workshops i mj\u00f6lksyrning. M\u00e5lgruppen var sm\u00e5skalig yrkesodlare och storskalig hobbyodlare. Syftet var att l\u00e4ra ut mj\u00f6lksyrning som \u00e4r anpassad till odlingss\u00e4songen. B\u00e5de med tanke p\u00e5 tillg\u00e5ng till gr\u00f6nsaker men \u00e4ven arbetsinsatser som \u00e4r rimliga inom ett s\u00e5dant verksamhet. Dagarna \u00e4gde rum runt om i landet. Deltagarna fick &hellip; Forts\u00e4tt l\u00e4sa \u201dHeldagskursarna\u201d","og_url":"https:\/\/foradlingsodling.se\/heldagskursarna\/","og_site_name":"F\u00f6r\u00e4dlingsodling","article_modified_time":"2023-06-30T11:57:26+00:00","og_image":[{"width":2048,"height":1365,"url":"https:\/\/foradlingsodling.se\/wp-content\/uploads\/2022\/11\/IMG_2256.jpeg","type":"image\/jpeg"}],"twitter_card":"summary_large_image","twitter_misc":{"Ber\u00e4knad l\u00e4stid":"10 minuter"},"schema":{"@context":"https:\/\/schema.org","@graph":[{"@type":"WebPage","@id":"https:\/\/foradlingsodling.se\/heldagskursarna\/","url":"https:\/\/foradlingsodling.se\/heldagskursarna\/","name":"Heldagskursarna &#8226; F\u00f6r\u00e4dlingsodling","isPartOf":{"@id":"https:\/\/foradlingsodling.se\/#website"},"primaryImageOfPage":{"@id":"https:\/\/foradlingsodling.se\/heldagskursarna\/#primaryimage"},"image":{"@id":"https:\/\/foradlingsodling.se\/heldagskursarna\/#primaryimage"},"thumbnailUrl":"https:\/\/foradlingsodling.se\/wp-content\/uploads\/2022\/11\/IMG_2256.jpeg","datePublished":"2023-01-11T12:00:44+00:00","dateModified":"2023-06-30T11:57:26+00:00","breadcrumb":{"@id":"https:\/\/foradlingsodling.se\/heldagskursarna\/#breadcrumb"},"inLanguage":"sv-SE","potentialAction":[{"@type":"ReadAction","target":["https:\/\/foradlingsodling.se\/heldagskursarna\/"]}]},{"@type":"ImageObject","inLanguage":"sv-SE","@id":"https:\/\/foradlingsodling.se\/heldagskursarna\/#primaryimage","url":"https:\/\/foradlingsodling.se\/wp-content\/uploads\/2022\/11\/IMG_2256.jpeg","contentUrl":"https:\/\/foradlingsodling.se\/wp-content\/uploads\/2022\/11\/IMG_2256.jpeg","width":2048,"height":1365},{"@type":"BreadcrumbList","@id":"https:\/\/foradlingsodling.se\/heldagskursarna\/#breadcrumb","itemListElement":[{"@type":"ListItem","position":1,"name":"Hem","item":"https:\/\/foradlingsodling.se\/"},{"@type":"ListItem","position":2,"name":"Heldagskursarna"}]},{"@type":"WebSite","@id":"https:\/\/foradlingsodling.se\/#website","url":"https:\/\/foradlingsodling.se\/","name":"F\u00f6r\u00e4dlingsodling","description":"","potentialAction":[{"@type":"SearchAction","target":{"@type":"EntryPoint","urlTemplate":"https:\/\/foradlingsodling.se\/?s={search_term_string}"},"query-input":{"@type":"PropertyValueSpecification","valueRequired":true,"valueName":"search_term_string"}}],"inLanguage":"sv-SE"}]}},"_links":{"self":[{"href":"https:\/\/foradlingsodling.se\/sv\/wp-json\/wp\/v2\/pages\/1129","targetHints":{"allow":["GET"]}}],"collection":[{"href":"https:\/\/foradlingsodling.se\/sv\/wp-json\/wp\/v2\/pages"}],"about":[{"href":"https:\/\/foradlingsodling.se\/sv\/wp-json\/wp\/v2\/types\/page"}],"author":[{"embeddable":true,"href":"https:\/\/foradlingsodling.se\/sv\/wp-json\/wp\/v2\/users\/1"}],"replies":[{"embeddable":true,"href":"https:\/\/foradlingsodling.se\/sv\/wp-json\/wp\/v2\/comments?post=1129"}],"version-history":[{"count":4,"href":"https:\/\/foradlingsodling.se\/sv\/wp-json\/wp\/v2\/pages\/1129\/revisions"}],"predecessor-version":[{"id":1779,"href":"https:\/\/foradlingsodling.se\/sv\/wp-json\/wp\/v2\/pages\/1129\/revisions\/1779"}],"wp:featuredmedia":[{"embeddable":true,"href":"https:\/\/foradlingsodling.se\/sv\/wp-json\/wp\/v2\/media\/1099"}],"wp:attachment":[{"href":"https:\/\/foradlingsodling.se\/sv\/wp-json\/wp\/v2\/media?parent=1129"}],"curies":[{"name":"wp","href":"https:\/\/api.w.org\/{rel}","templated":true}]}}