{"id":1036,"date":"2022-11-24T15:09:49","date_gmt":"2022-11-24T14:09:49","guid":{"rendered":"https:\/\/foradlingsodling.se\/?page_id=1036"},"modified":"2022-11-24T15:09:50","modified_gmt":"2022-11-24T14:09:50","slug":"bossgardens-gronsaker","status":"publish","type":"page","link":"https:\/\/foradlingsodling.se\/sv\/bossgardens-gronsaker\/","title":{"rendered":"Bossg\u00e5rdens gr\u00f6nsaker"},"content":{"rendered":"\n<div class=\"wp-block-columns is-layout-flex wp-container-core-columns-is-layout-9d6595d7 wp-block-columns-is-layout-flex\">\n<div class=\"wp-block-column is-layout-flow wp-block-column-is-layout-flow\" style=\"flex-basis:33.33%\">\n<figure class=\"wp-block-image size-full\"><img loading=\"lazy\" decoding=\"async\" width=\"1536\" height=\"2048\" src=\"https:\/\/foradlingsodling.se\/wp-content\/uploads\/2022\/11\/1669205744636.jpg\" alt=\"\" class=\"wp-image-1079\"\/><\/figure>\n<\/div>\n\n\n\n<div class=\"wp-block-column is-layout-flow wp-block-column-is-layout-flow\" style=\"flex-basis:66.66%\">\n<h2 class=\"wp-block-heading\">Samtal med Sanna och Jonas<\/h2>\n\n\n\n<p>Sista bes\u00f6ksm\u00e5l p\u00e5 samtals turn\u00e9n \u00e4r <a href=\"https:\/\/www.bossgarden.se\/\">Bossg\u00e5rdens Gr\u00f6nsaker <\/a>d\u00e4r vi h\u00f6ll sista av de fem heldagskurser i F\u00f6r\u00e4dlingsodling: mj\u00f6lksyrning f\u00f6r sm\u00e5skaliga gr\u00f6nsaksodlare april 2022. Sedan dess har de byggt ett enkelt f\u00f6r\u00e4dlingsk\u00f6k som blev klar i augusti.\u00a0 Jag m\u00f6ter Jonas Ringqvist och Sanna Mattson Ringqvist och vi tar oss in i f\u00f6r\u00e4dlingslokalen f\u00f6r att kika.<br>\u2013 Det kostade inte mycket mer \u00e4n 5000kr att bygga s\u00e4ger Jonas<br>\u2013 Vi har haft ett godk\u00e4nt k\u00f6k f\u00f6rut, s\u00e5 de k\u00e4nde redan till oss, det var inget konstigt.\u00a0 Det \u00e4r samma kyl, samma diskb\u00e4nk. Vi hade gjort ett eget kontrollprogram som var v\u00e4ldigt v\u00e4l genomarbetad.\u00a0 Vi skall g\u00f6ra mycket andra f\u00f6r\u00e4dlingar ocks\u00e5 d\u00e4r det \u00e4r mer risker &#8211; kritiska punkter, temperaturm\u00e4tningar.\u00a0 Vi vet ju vad vi ska g\u00f6ra. Vi hade hj\u00e4lp ocks\u00e5 fr\u00e5n <a href=\"https:\/\/lokalproducerativast.se\/\">Lokalproducerat i V\u00e4st<\/a> f\u00f6r att f\u00e5 feedback p\u00e5 v\u00e5ra egna kontrollprogram.\u00a0 Det var v\u00e4ldigt bra &#8211; gratis r\u00e5dgivning.<\/p>\n\n\n\n<p>Vi diskutera j\u00e4sning, vikter och temperaturer, f\u00f6rdelar med k\u00e5lhyvel vs gr\u00f6nsaksk\u00e4rare.&nbsp; De har redan g\u00e5tt ut med en rad mj\u00f6lksyrade och p\u00e5 annat s\u00e4tt f\u00f6r\u00e4dlade produkter sedan k\u00f6ket blev klar.<br>\u2013 Det f\u00f6rsta som gjordes var en zucchinirelish &#8211; den gick \u00e5t! Vi borde ha gjort mer men nu vet vi det till n\u00e4sta s\u00e4song s\u00e4ger Sanna.<\/p>\n<\/div>\n<\/div>\n\n\n\n<p><\/p>\n\n\n\n<p>P\u00e5 Bossg\u00e5rden odlar de gr\u00f6nsaker, har lite f\u00e5r och bete, lite h\u00f6ns och n\u00e5gra sommarkalkoner. De \u00e4r Demeter certifierade och g\u00e5rden \u00e4r sj\u00e4lvf\u00f6rs\u00f6rjande p\u00e5 djurfoder och g\u00f6dsel. De har 1\/2 hektar med gr\u00f6nsaker och 1,5 hektar med \u00e5ker.\u00a0 De har planterat frukttr\u00e4d och har kursverksamhet, bland annat ett samarbete med Hush\u00e5llningss\u00e4llskapet. Jonas reser som f\u00f6rel\u00e4sare.\u00a0 Det finns en anst\u00e4lld \u00e5ret runt och 2\u20133 under s\u00e4songen.<br>\u2013 Egentligen har vi mer anst\u00e4llde \u00e4n vad vi skulle beh\u00f6va, d\u00e5 f\u00e5r vi ta det lite lugnt.\u00a0 Det g\u00e5r ihop. Vi \u00e4r inte in den uppbyggnadsfasen l\u00e4ngre, vi har h\u00e5llit p\u00e5 s\u00e5 l\u00e4nge s\u00e5 det bara ruller. Lyxigt och privilegierad \u00e4r det, s\u00e4ger Jonas.<\/p>\n\n\n\n<div class=\"wp-block-columns is-layout-flex wp-container-core-columns-is-layout-9d6595d7 wp-block-columns-is-layout-flex\">\n<div class=\"wp-block-column is-layout-flow wp-block-column-is-layout-flow\">\n<figure class=\"wp-block-image size-full\"><img loading=\"lazy\" decoding=\"async\" width=\"1536\" height=\"2048\" src=\"https:\/\/foradlingsodling.se\/wp-content\/uploads\/2022\/11\/1669205879300.jpg\" alt=\"\" class=\"wp-image-1081\"\/><\/figure>\n<\/div>\n\n\n\n<div class=\"wp-block-column is-layout-flow wp-block-column-is-layout-flow\">\n<figure class=\"wp-block-image size-full\"><img loading=\"lazy\" decoding=\"async\" width=\"1536\" height=\"2048\" src=\"https:\/\/foradlingsodling.se\/wp-content\/uploads\/2022\/11\/1669205858811.jpg\" alt=\"\" class=\"wp-image-1082\"\/><\/figure>\n<\/div>\n\n\n\n<div class=\"wp-block-column is-layout-flow wp-block-column-is-layout-flow\">\n<figure class=\"wp-block-image size-full\"><img loading=\"lazy\" decoding=\"async\" width=\"1536\" height=\"2048\" src=\"https:\/\/foradlingsodling.se\/wp-content\/uploads\/2022\/11\/1669205816414.jpg\" alt=\"\" class=\"wp-image-1083\"\/><\/figure>\n<\/div>\n<\/div>\n\n\n\n<div class=\"wp-block-columns is-layout-flex wp-container-core-columns-is-layout-9d6595d7 wp-block-columns-is-layout-flex\">\n<div class=\"wp-block-column is-layout-flow wp-block-column-is-layout-flow\">\n<figure class=\"wp-block-image size-full\"><img loading=\"lazy\" decoding=\"async\" width=\"2048\" height=\"1536\" src=\"https:\/\/foradlingsodling.se\/wp-content\/uploads\/2022\/11\/1669205899294.jpg\" alt=\"\" class=\"wp-image-1086\"\/><\/figure>\n<\/div>\n\n\n\n<div class=\"wp-block-column is-layout-flow wp-block-column-is-layout-flow\">\n<figure class=\"wp-block-image size-full\"><img loading=\"lazy\" decoding=\"async\" width=\"2048\" height=\"1536\" src=\"https:\/\/foradlingsodling.se\/wp-content\/uploads\/2022\/11\/1669205899270.jpg\" alt=\"\" class=\"wp-image-1087\"\/><\/figure>\n<\/div>\n<\/div>\n\n\n\n<p>Mj\u00f6lksyrningen g\u00f6rs p\u00e5 12 liters j\u00e4shinkar. En etikett p\u00e5 hinken visar batchnummer och inneh\u00e5ll som kopplas till sidan i f\u00f6r\u00e4dlingsp\u00e4rmen d\u00e4r det st\u00e5r lite mer information inklusive hur m\u00e5nga burkar det blev. Etiketter p\u00e5 de snygga burkarna klistras fast med tapetklister som \u00e4r l\u00e4tt att f\u00e5 bort i disken s\u00e5 att de kan \u00e5teranv\u00e4ndas.<br>\u2013 Det bli sp\u00e4nnande att ha det h\u00e4r k\u00f6ket under s\u00e4songen &#8211; det var tanken att kunna ta hand om \u00f6verskottet s\u00e4ger Jonas\u00a0<br>\u2013 Vi hann med lite med b\u00f6norna. Det \u00e4r gurka, zucchini och b\u00f6nor som det kan bli \u00f6verskott p\u00e5 en vis period, \u00e4ven sommar vitk\u00e5len. Vi ser det h\u00e4r fr\u00e4mst som ett komplement, det \u00e4r ett experiment \u00e5r &#8211; vi f\u00e5r se vad g\u00e5r hem hos v\u00e5ra kunder. Nu finns det i alla fall tillr\u00e4ckligt med bredd f\u00f6r att kunna lansera det b\u00e4ttre till kunderna s\u00e4ger Sanna.<br><\/p>\n\n\n\n<p>Best\u00e4llningar g\u00f6rs via Reko-Ring samt av deras 42 gr\u00f6nsaksprenumeranter.<br>\u2013 Senaste leveransen vara det typ 30 burkar som gick i v\u00e4g &#8211; om det skulle vara det varje vecka, d\u00e5 funkar det. Det \u00e4r en s\u00e5n 12 liters hink i veckan. Vi hade mycket f\u00f6r\u00e4dlade saker &#8211; \u00e4ven sweet chilis\u00e5s som \u00e4r inte syrat &#8211; den \u00e4r mycket popul\u00e4r &#8211; den gjordes p\u00e5 en chili sort som gick fr\u00e5n r\u00f6d till gul &#8211; vi b\u00f6rjar spara egna fr\u00f6 och hoppas p\u00e5 att kunna n\u00e5 en vis stabilitet med sorten, s\u00e4ger Jonas.<\/p>\n\n\n\n<p>Jag bli bjuden p\u00e5 lunch och en stor burk &#8217;pizzasallad&#8217; tas fram.<br>\u2013 Vi hade mycket paprika som vi inte kunde s\u00e4lja s\u00e5 vi f\u00f6rs\u00f6kt hitta p\u00e5 alla m\u00f6jliga saker vi kunde g\u00f6ra med paprika &#8211; s\u00e5 kom vi p\u00e5 att vi kunde g\u00f6r en pizzasallad med gr\u00f6n paprika. <\/p>\n\n\n\n<p><em>Den syrade pizza-salladen \u00e4r gjort p\u00e5 vitk\u00e5lssorten Donator, 1.5% salt, strimlad gr\u00f6n paprika och oregano. S\u00e5 gott!<\/em><\/p>\n\n\n\n<p>\u2013Vi har gjort 17 batcher mj\u00f6lksyrade gr\u00f6nsaker hittills &#8211; det \u00e4r 500 burkar av olika saker. Det \u00e4r fortfarande p\u00e5 en s\u00e5n niv\u00e5 att om det \u00e4r n\u00e5nting som folk inte vill k\u00f6pa s\u00e5 kan vi \u00e4ta upp det.<\/p>\n\n\n\n<div class=\"wp-block-columns is-layout-flex wp-container-core-columns-is-layout-9d6595d7 wp-block-columns-is-layout-flex\">\n<div class=\"wp-block-column is-layout-flow wp-block-column-is-layout-flow\">\n<figure class=\"wp-block-image size-full\"><img loading=\"lazy\" decoding=\"async\" width=\"1536\" height=\"2048\" src=\"https:\/\/foradlingsodling.se\/wp-content\/uploads\/2022\/11\/1669205785943.jpg\" alt=\"\" class=\"wp-image-1084\"\/><\/figure>\n<\/div>\n\n\n\n<div class=\"wp-block-column is-layout-flow wp-block-column-is-layout-flow\">\n<figure class=\"wp-block-image size-full\"><img loading=\"lazy\" decoding=\"async\" width=\"1536\" height=\"2048\" src=\"https:\/\/foradlingsodling.se\/wp-content\/uploads\/2022\/11\/1669205838739.jpg\" alt=\"\" class=\"wp-image-1085\"\/><\/figure>\n<\/div>\n\n\n\n<div class=\"wp-block-column is-layout-flow wp-block-column-is-layout-flow\">\n<figure class=\"wp-block-image size-full\"><img loading=\"lazy\" decoding=\"async\" width=\"1536\" height=\"2048\" src=\"https:\/\/foradlingsodling.se\/wp-content\/uploads\/2022\/11\/1669205803008.jpg\" alt=\"\" class=\"wp-image-1088\"\/><\/figure>\n<\/div>\n<\/div>\n\n\n\n<p>Vi resonera kring konsistens av en gurka kimchi som blev inte sl\u00e4ppt till kund. Jag tycker den \u00e4r helt okej med Jonas tycker inte att den \u00e4r bra nog.<br>\u2013 Det varierar inom burken fast att den bubblar k\u00e4nns fint &#8211; som champagne. 30 burkar med s\u00e5na gurkor \u00e4r l\u00e4tt att \u00e4ta upp s\u00e4ger Jonas.<\/p>\n\n\n\n<div class=\"wp-block-columns is-layout-flex wp-container-core-columns-is-layout-9d6595d7 wp-block-columns-is-layout-flex\">\n<div class=\"wp-block-column is-layout-flow wp-block-column-is-layout-flow\">\n<p>Jag fr\u00e5gar om de har haft n\u00e5gra problem i syrningsv\u00e4gen, Jonas skrattar<br>\u2013 Gurkskalet &#8211; h\u00e5ller den m\u00e5ttet? Det \u00e4r det v\u00e4rsta vi har varit med om. Vad kan g\u00e5 fel?<br>\u2013 Vi har mj\u00f6lksyrat i m\u00e5nga \u00e5r och har gjort n\u00e5gra misstag &#8211; en och annan slimy zucchini och j\u00e4tte torr surk\u00e5l har det varit &#8211; men inte i \u00e5r &#8211; vi gick en v\u00e4ldigt bra kurs i v\u00e5ras, det m\u00e5sta har varit det.\u00a0<br>Vi skrattar &#8211; de har faktiskt mycket mer erfarenhet \u00e4n jag.<br>\u2013 Det var verkligen bra med den h\u00e4r kursen &#8211; att du kom hit, det satt i g\u00e5ng saker som l\u00e5g d\u00e4r under ytan &#8211; som beh\u00f6vde n\u00e5nting att kicka ig\u00e5ng det. Vi vill mj\u00f6lksyra f\u00f6r att det \u00e4r kul &#8211; det \u00e4r inte f\u00f6r att k\u00e4nna mer pengar.\u00a0 Vi har alltid syrat till oss sj\u00e4lva s\u00e5 det k\u00e4nns som en ganska naturlig sak att g\u00f6ra.\u00a0 Det \u00e4r sv\u00e5rt att bara g\u00f6ra samma saker hela tiden.<br>\u2013 Det k\u00e4nns som ett v\u00e4ldigt fint komplement till det andra vi g\u00f6r. Det k\u00e4nns r\u00e4tt att kunna erbjuda det till v\u00e5ra kunder &#8211; de beh\u00f6ver det.<\/p>\n<\/div>\n<\/div>\n\n\n\n<p>Jag fr\u00e5gar Nanna som kommer fr\u00e5n Danmark, \u00e4r mycket matintresserad och \u00e4r anst\u00e4lld p\u00e5 g\u00e5rden om hon hade mj\u00f6lksyrade gr\u00f6nsaker innan hon kom till Bossg\u00e5rden. Hon svarar nej men att hon nu tycker att det \u00e4r roligt och smakar gott.&nbsp;<br>\u2013 Det \u00e4r en hel nytt smakv\u00e4rlden att l\u00e4r k\u00e4nna, det \u00e4r mycket jag uppt\u00e4cker f\u00f6rst nu.&nbsp; &nbsp;<\/p>\n\n\n\n<p>\u00c4nnu har de inte r\u00e4knat p\u00e5 ekonomin, det gjordes i b\u00f6rjan men sen drog s\u00e4songen ig\u00e5ng och de har t\u00e4nkt att det f\u00e5 bli som det bli.<br>\u2013 \u00c4ven om det kan k\u00e4nnas som att det blir sv\u00e5r s\u00e5lt i Tidaholm har vi varit f\u00f6rv\u00e5nad \u00f6ver bredden av de som har best\u00e4llt. Jag tror att m\u00e5nga \u00e4r medvetna om h\u00e4lsoaspekten.\u00a0 Man har kanske inte har det som traditionen hemifr\u00e5n men man har tanken kring h\u00e4lsan s\u00e4ger Sanna.<\/p>\n\n\n\n<div class=\"wp-block-group\"><div class=\"wp-block-group__inner-container is-layout-constrained wp-block-group-is-layout-constrained\">\n<div class=\"wp-block-columns is-layout-flex wp-container-core-columns-is-layout-9d6595d7 wp-block-columns-is-layout-flex\">\n<div class=\"wp-block-column is-layout-flow wp-block-column-is-layout-flow\">\n<figure class=\"wp-block-image size-full\"><img loading=\"lazy\" decoding=\"async\" width=\"708\" height=\"1060\" src=\"https:\/\/foradlingsodling.se\/wp-content\/uploads\/2022\/11\/DSC02811_1.jpg\" alt=\"\" class=\"wp-image-1090\"\/><figcaption class=\"wp-element-caption\">Jonas Ringqvist<\/figcaption><\/figure>\n<\/div>\n\n\n\n<div class=\"wp-block-column is-layout-flow wp-block-column-is-layout-flow\">\n<figure class=\"wp-block-image size-full\"><img loading=\"lazy\" decoding=\"async\" width=\"708\" height=\"1060\" src=\"https:\/\/foradlingsodling.se\/wp-content\/uploads\/2022\/11\/DSC02799.jpg\" alt=\"\" class=\"wp-image-1092\"\/><figcaption class=\"wp-element-caption\">Sanna Mattson Ringqvist<\/figcaption><\/figure>\n<\/div>\n<\/div>\n<\/div><\/div>\n\n\n\n<p>Jag fr\u00e5ga om deras priss\u00e4ttning med tanke p\u00e5 \u00f6kade priser p\u00e5 burkar bland annat.<br>\u2013 Vi tar 35kr burk rakt av.\u00a0 Samma pris f\u00f6r alla burkar fast de \u00e4r olika stora beroende p\u00e5 inneh\u00e5llet s\u00e5 att det ska funka. Folk h\u00e5ller i pengarna nu upplever jag.\u00a0 V\u00e5r f\u00f6rs\u00e4ljning p\u00e5 ICA \u00e4r helt borta &#8211; folk sluta k\u00f6pa.\u00a0 S\u00e5 t\u00e4nker jag &#8211; om alla h\u00f6jer priset s\u00e5 ska jag s\u00e4nka &#8211; det \u00e4r ett personlighetsdrag d\u00e4r. Men det \u00e4r inte d\u00e4rf\u00f6r vi g\u00f6r det, vi g\u00e5r inte in och dumpa priset f\u00f6r n\u00e5gon annan. Det finns ingen annan, l\u00e4gger Jonas till.<br><br>Jag undrar om det \u00e4r samma med gr\u00f6nsakerna att de h\u00e5ller priserna l\u00e5ga.<br>\u2013 Det \u00e4r nog s\u00e5. Och nu n\u00e4r vi g\u00e5r in i denna l\u00e5gkonjunktur, folk h\u00e5ller i sina pengar &#8211; om vi hade d\u00e5 l\u00e4get p\u00e5 dubbla priset &#8211; om vi hade byggt v\u00e5r verksamhet p\u00e5 det s\u00e5 hade vi inte haft en chans nu.\u00a0<br>\u2013Vi har kunder i alla samh\u00e4llsklasser, det \u00e4r j\u00e4tteviktigt. <em>Vi<\/em> skulle ha r\u00e5d till att k\u00f6pa v\u00e5ra gr\u00f6nsaker till och med.<\/p>\n\n\n\n<p>Jag g\u00e5r d\u00e4rifr\u00e5n inspirerad och med tv\u00e5 burkar av den godaste chilis\u00e5sen jag n\u00e5nsin \u00e4tit.<\/p>\n\n\n\n<p>Jonas och Sanna var v\u00e4rd f\u00f6r och deltog i heldagskursen F\u00f6r\u00e4dlingsodling: mj\u00f6lksyrning f\u00f6r sm\u00e5skaliga gr\u00f6nsaksodlare april 2022.<\/p>\n\n\n\n<figure class=\"wp-block-image size-large\"><img loading=\"lazy\" decoding=\"async\" width=\"2100\" height=\"1452\" src=\"https:\/\/foradlingsodling.se\/wp-content\/uploads\/2022\/05\/IMG_2254-2100x1452.jpg\" alt=\"\" class=\"wp-image-560\"\/><\/figure>\n","protected":false},"excerpt":{"rendered":"<p>Samtal med Sanna och Jonas Sista bes\u00f6ksm\u00e5l p\u00e5 samtals turn\u00e9n \u00e4r Bossg\u00e5rdens Gr\u00f6nsaker d\u00e4r vi h\u00f6ll sista av de fem heldagskurser i F\u00f6r\u00e4dlingsodling: mj\u00f6lksyrning f\u00f6r sm\u00e5skaliga gr\u00f6nsaksodlare april 2022. Sedan dess har de byggt ett enkelt f\u00f6r\u00e4dlingsk\u00f6k som blev klar i augusti.\u00a0 Jag m\u00f6ter Jonas Ringqvist och Sanna Mattson Ringqvist och vi tar oss in &hellip; <\/p>\n<p class=\"link-more\"><a href=\"https:\/\/foradlingsodling.se\/sv\/bossgardens-gronsaker\/\" class=\"more-link\">Forts\u00e4tt l\u00e4sa<span class=\"screen-reader-text\"> \u201dBossg\u00e5rdens gr\u00f6nsaker\u201d<\/span><\/a><\/p>\n","protected":false},"author":1,"featured_media":1099,"parent":0,"menu_order":0,"comment_status":"closed","ping_status":"closed","template":"","meta":{"_acf_changed":false,"footnotes":""},"class_list":["post-1036","page","type-page","status-publish","has-post-thumbnail","hentry"],"acf":[],"yoast_head":"<!-- This site is optimized with the Yoast SEO plugin v27.4 - https:\/\/yoast.com\/product\/yoast-seo-wordpress\/ -->\n<title>Bossg\u00e5rdens gr\u00f6nsaker &#8226; F\u00f6r\u00e4dlingsodling<\/title>\n<meta name=\"description\" content=\"P\u00e5 Bossg\u00e5rden har f\u00f6r\u00e4dlingsk\u00f6ket byggts klart och f\u00f6rsta burkarna med mj\u00f6lksyrade gr\u00f6nsaker har redan n\u00e5t deras kunder.\" \/>\n<meta name=\"robots\" content=\"index, follow, max-snippet:-1, max-image-preview:large, max-video-preview:-1\" \/>\n<link rel=\"canonical\" href=\"https:\/\/foradlingsodling.se\/bossgardens-gronsaker\/\" \/>\n<meta property=\"og:locale\" content=\"sv_SE\" \/>\n<meta property=\"og:type\" content=\"article\" \/>\n<meta property=\"og:title\" content=\"Bossg\u00e5rdens gr\u00f6nsaker &#8226; F\u00f6r\u00e4dlingsodling\" \/>\n<meta property=\"og:description\" content=\"P\u00e5 Bossg\u00e5rden har f\u00f6r\u00e4dlingsk\u00f6ket byggts klart och f\u00f6rsta burkarna med mj\u00f6lksyrade gr\u00f6nsaker har redan n\u00e5t deras kunder.\" \/>\n<meta property=\"og:url\" content=\"https:\/\/foradlingsodling.se\/bossgardens-gronsaker\/\" \/>\n<meta property=\"og:site_name\" content=\"F\u00f6r\u00e4dlingsodling\" \/>\n<meta property=\"article:modified_time\" content=\"2022-11-24T14:09:50+00:00\" \/>\n<meta property=\"og:image\" content=\"https:\/\/foradlingsodling.se\/wp-content\/uploads\/2022\/11\/IMG_2256.jpeg\" \/>\n\t<meta property=\"og:image:width\" content=\"2048\" \/>\n\t<meta property=\"og:image:height\" content=\"1365\" \/>\n\t<meta property=\"og:image:type\" content=\"image\/jpeg\" \/>\n<meta name=\"twitter:card\" content=\"summary_large_image\" \/>\n<meta name=\"twitter:label1\" content=\"Ber\u00e4knad l\u00e4stid\" \/>\n\t<meta name=\"twitter:data1\" content=\"9 minuter\" \/>\n<script type=\"application\/ld+json\" class=\"yoast-schema-graph\">{\"@context\":\"https:\\\/\\\/schema.org\",\"@graph\":[{\"@type\":\"WebPage\",\"@id\":\"https:\\\/\\\/foradlingsodling.se\\\/bossgardens-gronsaker\\\/\",\"url\":\"https:\\\/\\\/foradlingsodling.se\\\/bossgardens-gronsaker\\\/\",\"name\":\"Bossg\u00e5rdens gr\u00f6nsaker &#8226; F\u00f6r\u00e4dlingsodling\",\"isPartOf\":{\"@id\":\"https:\\\/\\\/foradlingsodling.se\\\/#website\"},\"primaryImageOfPage\":{\"@id\":\"https:\\\/\\\/foradlingsodling.se\\\/bossgardens-gronsaker\\\/#primaryimage\"},\"image\":{\"@id\":\"https:\\\/\\\/foradlingsodling.se\\\/bossgardens-gronsaker\\\/#primaryimage\"},\"thumbnailUrl\":\"https:\\\/\\\/foradlingsodling.se\\\/wp-content\\\/uploads\\\/2022\\\/11\\\/IMG_2256.jpeg\",\"datePublished\":\"2022-11-24T14:09:49+00:00\",\"dateModified\":\"2022-11-24T14:09:50+00:00\",\"description\":\"P\u00e5 Bossg\u00e5rden har f\u00f6r\u00e4dlingsk\u00f6ket byggts klart och f\u00f6rsta burkarna med mj\u00f6lksyrade gr\u00f6nsaker har redan n\u00e5t deras kunder.\",\"breadcrumb\":{\"@id\":\"https:\\\/\\\/foradlingsodling.se\\\/bossgardens-gronsaker\\\/#breadcrumb\"},\"inLanguage\":\"sv-SE\",\"potentialAction\":[{\"@type\":\"ReadAction\",\"target\":[\"https:\\\/\\\/foradlingsodling.se\\\/bossgardens-gronsaker\\\/\"]}]},{\"@type\":\"ImageObject\",\"inLanguage\":\"sv-SE\",\"@id\":\"https:\\\/\\\/foradlingsodling.se\\\/bossgardens-gronsaker\\\/#primaryimage\",\"url\":\"https:\\\/\\\/foradlingsodling.se\\\/wp-content\\\/uploads\\\/2022\\\/11\\\/IMG_2256.jpeg\",\"contentUrl\":\"https:\\\/\\\/foradlingsodling.se\\\/wp-content\\\/uploads\\\/2022\\\/11\\\/IMG_2256.jpeg\",\"width\":2048,\"height\":1365},{\"@type\":\"BreadcrumbList\",\"@id\":\"https:\\\/\\\/foradlingsodling.se\\\/bossgardens-gronsaker\\\/#breadcrumb\",\"itemListElement\":[{\"@type\":\"ListItem\",\"position\":1,\"name\":\"Hem\",\"item\":\"https:\\\/\\\/foradlingsodling.se\\\/\"},{\"@type\":\"ListItem\",\"position\":2,\"name\":\"Bossg\u00e5rdens gr\u00f6nsaker\"}]},{\"@type\":\"WebSite\",\"@id\":\"https:\\\/\\\/foradlingsodling.se\\\/#website\",\"url\":\"https:\\\/\\\/foradlingsodling.se\\\/\",\"name\":\"F\u00f6r\u00e4dlingsodling\",\"description\":\"\",\"potentialAction\":[{\"@type\":\"SearchAction\",\"target\":{\"@type\":\"EntryPoint\",\"urlTemplate\":\"https:\\\/\\\/foradlingsodling.se\\\/?s={search_term_string}\"},\"query-input\":{\"@type\":\"PropertyValueSpecification\",\"valueRequired\":true,\"valueName\":\"search_term_string\"}}],\"inLanguage\":\"sv-SE\"}]}<\/script>\n<!-- \/ Yoast SEO plugin. -->","yoast_head_json":{"title":"Bossg\u00e5rdens gr\u00f6nsaker &#8226; F\u00f6r\u00e4dlingsodling","description":"P\u00e5 Bossg\u00e5rden har f\u00f6r\u00e4dlingsk\u00f6ket byggts klart och f\u00f6rsta burkarna med mj\u00f6lksyrade gr\u00f6nsaker har redan n\u00e5t deras kunder.","robots":{"index":"index","follow":"follow","max-snippet":"max-snippet:-1","max-image-preview":"max-image-preview:large","max-video-preview":"max-video-preview:-1"},"canonical":"https:\/\/foradlingsodling.se\/bossgardens-gronsaker\/","og_locale":"sv_SE","og_type":"article","og_title":"Bossg\u00e5rdens gr\u00f6nsaker &#8226; F\u00f6r\u00e4dlingsodling","og_description":"P\u00e5 Bossg\u00e5rden har f\u00f6r\u00e4dlingsk\u00f6ket byggts klart och f\u00f6rsta burkarna med mj\u00f6lksyrade gr\u00f6nsaker har redan n\u00e5t deras kunder.","og_url":"https:\/\/foradlingsodling.se\/bossgardens-gronsaker\/","og_site_name":"F\u00f6r\u00e4dlingsodling","article_modified_time":"2022-11-24T14:09:50+00:00","og_image":[{"width":2048,"height":1365,"url":"https:\/\/foradlingsodling.se\/wp-content\/uploads\/2022\/11\/IMG_2256.jpeg","type":"image\/jpeg"}],"twitter_card":"summary_large_image","twitter_misc":{"Ber\u00e4knad l\u00e4stid":"9 minuter"},"schema":{"@context":"https:\/\/schema.org","@graph":[{"@type":"WebPage","@id":"https:\/\/foradlingsodling.se\/bossgardens-gronsaker\/","url":"https:\/\/foradlingsodling.se\/bossgardens-gronsaker\/","name":"Bossg\u00e5rdens gr\u00f6nsaker &#8226; F\u00f6r\u00e4dlingsodling","isPartOf":{"@id":"https:\/\/foradlingsodling.se\/#website"},"primaryImageOfPage":{"@id":"https:\/\/foradlingsodling.se\/bossgardens-gronsaker\/#primaryimage"},"image":{"@id":"https:\/\/foradlingsodling.se\/bossgardens-gronsaker\/#primaryimage"},"thumbnailUrl":"https:\/\/foradlingsodling.se\/wp-content\/uploads\/2022\/11\/IMG_2256.jpeg","datePublished":"2022-11-24T14:09:49+00:00","dateModified":"2022-11-24T14:09:50+00:00","description":"P\u00e5 Bossg\u00e5rden har f\u00f6r\u00e4dlingsk\u00f6ket byggts klart och f\u00f6rsta burkarna med mj\u00f6lksyrade gr\u00f6nsaker har redan n\u00e5t deras kunder.","breadcrumb":{"@id":"https:\/\/foradlingsodling.se\/bossgardens-gronsaker\/#breadcrumb"},"inLanguage":"sv-SE","potentialAction":[{"@type":"ReadAction","target":["https:\/\/foradlingsodling.se\/bossgardens-gronsaker\/"]}]},{"@type":"ImageObject","inLanguage":"sv-SE","@id":"https:\/\/foradlingsodling.se\/bossgardens-gronsaker\/#primaryimage","url":"https:\/\/foradlingsodling.se\/wp-content\/uploads\/2022\/11\/IMG_2256.jpeg","contentUrl":"https:\/\/foradlingsodling.se\/wp-content\/uploads\/2022\/11\/IMG_2256.jpeg","width":2048,"height":1365},{"@type":"BreadcrumbList","@id":"https:\/\/foradlingsodling.se\/bossgardens-gronsaker\/#breadcrumb","itemListElement":[{"@type":"ListItem","position":1,"name":"Hem","item":"https:\/\/foradlingsodling.se\/"},{"@type":"ListItem","position":2,"name":"Bossg\u00e5rdens gr\u00f6nsaker"}]},{"@type":"WebSite","@id":"https:\/\/foradlingsodling.se\/#website","url":"https:\/\/foradlingsodling.se\/","name":"F\u00f6r\u00e4dlingsodling","description":"","potentialAction":[{"@type":"SearchAction","target":{"@type":"EntryPoint","urlTemplate":"https:\/\/foradlingsodling.se\/?s={search_term_string}"},"query-input":{"@type":"PropertyValueSpecification","valueRequired":true,"valueName":"search_term_string"}}],"inLanguage":"sv-SE"}]}},"_links":{"self":[{"href":"https:\/\/foradlingsodling.se\/sv\/wp-json\/wp\/v2\/pages\/1036","targetHints":{"allow":["GET"]}}],"collection":[{"href":"https:\/\/foradlingsodling.se\/sv\/wp-json\/wp\/v2\/pages"}],"about":[{"href":"https:\/\/foradlingsodling.se\/sv\/wp-json\/wp\/v2\/types\/page"}],"author":[{"embeddable":true,"href":"https:\/\/foradlingsodling.se\/sv\/wp-json\/wp\/v2\/users\/1"}],"replies":[{"embeddable":true,"href":"https:\/\/foradlingsodling.se\/sv\/wp-json\/wp\/v2\/comments?post=1036"}],"version-history":[{"count":12,"href":"https:\/\/foradlingsodling.se\/sv\/wp-json\/wp\/v2\/pages\/1036\/revisions"}],"predecessor-version":[{"id":1104,"href":"https:\/\/foradlingsodling.se\/sv\/wp-json\/wp\/v2\/pages\/1036\/revisions\/1104"}],"wp:featuredmedia":[{"embeddable":true,"href":"https:\/\/foradlingsodling.se\/sv\/wp-json\/wp\/v2\/media\/1099"}],"wp:attachment":[{"href":"https:\/\/foradlingsodling.se\/sv\/wp-json\/wp\/v2\/media?parent=1036"}],"curies":[{"name":"wp","href":"https:\/\/api.w.org\/{rel}","templated":true}]}}